{"id":46,"date":"2021-12-07T15:27:44","date_gmt":"2021-12-07T15:27:44","guid":{"rendered":"https:\/\/happyyogacolombia.com\/sabana\/?page_id=46"},"modified":"2022-08-05T15:32:38","modified_gmt":"2022-08-05T15:32:38","slug":"conocenos","status":"publish","type":"page","link":"https:\/\/happyyogacolombia.com\/sabana\/conocenos\/","title":{"rendered":"Con\u00f3cenos"},"content":{"rendered":"\n<p><\/p>\n\n\n\n<div class=\"wp-block-group\"><div class=\"wp-block-group__inner-container is-layout-flow wp-block-group-is-layout-flow\">\n<p><strong>Online:<\/strong><\/p>\n\n\n\n<ul class=\"wp-block-list\"><li>Yoga embarazo y Danza prenatal<\/li><li>Yoga presencial para ni\u00f1os, familia, deportistas y adultos mayores<\/li><li>Asesor\u00edas privadas en la gestaci\u00f3n:<\/li><\/ul>\n\n\n\n<ul class=\"wp-block-list\"><li>Alimentaci\u00f3n y los mejores ejercicios en el embarazo<\/li><li>Parto respetado (parto natural y ces\u00e1rea)<\/li><li>Manejo natural del dolor de parto y confort<\/li><li>Superar las dificultades de la lactancia y una pronta recuperaci\u00f3n posparto<\/li><li>Asesor\u00edas preconcepcionales: alimentaci\u00f3n y ejercicios para prepararte para la gestaci\u00f3n<\/li><\/ul>\n\n\n\n<p>\u2714\ufe0fPresencial:<\/p>\n\n\n\n<p><\/p>\n\n\n\n<ul class=\"wp-block-list\"><li>Masaje prenatal<\/li><li>Masaje posnatal<\/li><li>Cierre de cuarentena (cierre de caderas)<\/li><\/ul>\n\n\n\n<p>Online o presencial:<\/p>\n\n\n\n<ul class=\"wp-block-list\"><li>Acompa\u00f1amiento a parto respetado en cl\u00ednica (parto natural o ces\u00e1rea), online puedo acompa\u00f1arte<\/li><li>Parto en casa<\/li><li>Asesor\u00eda en lactancia<\/li><li>Sesi\u00f3n de recuperaci\u00f3n posparto en los 40 d\u00edas posparto<\/li><li>Recuperaci\u00f3n del piso p\u00e9lvico despu\u00e9s de parto vaginal o ces\u00e1rea<\/li><\/ul>\n<\/div><\/div>\n","protected":false},"excerpt":{"rendered":"<p>Online: Yoga embarazo y Danza prenatal Yoga presencial para ni\u00f1os, familia, deportistas y adultos mayores Asesor\u00edas privadas en la gestaci\u00f3n: Alimentaci\u00f3n y los mejores ejercicios en el embarazo Parto respetado (parto natural y ces\u00e1rea) Manejo natural del dolor de parto y confort Superar las dificultades de la lactancia y una pronta recuperaci\u00f3n posparto Asesor\u00edas preconcepcionales: [&hellip;]<\/p>\n","protected":false},"author":1,"featured_media":93,"parent":0,"menu_order":0,"comment_status":"closed","ping_status":"closed","template":"","meta":{"_uag_custom_page_level_css":"","pgc_sgb_lightbox_settings":"","footnotes":""},"class_list":["post-46","page","type-page","status-publish","has-post-thumbnail","hentry"],"yoast_head":"<!-- This site is optimized with the Yoast SEO plugin v22.3 - https:\/\/yoast.com\/wordpress\/plugins\/seo\/ -->\n<title>Con\u00f3cenos - HappyYoga Sabana<\/title>\n<meta name=\"robots\" content=\"index, follow, max-snippet:-1, max-image-preview:large, max-video-preview:-1\" \/>\n<link rel=\"canonical\" href=\"https:\/\/happyyogacolombia.com\/sabana\/conocenos\/\" \/>\n<meta property=\"og:locale\" content=\"es_ES\" \/>\n<meta property=\"og:type\" content=\"article\" \/>\n<meta property=\"og:title\" content=\"Con\u00f3cenos - HappyYoga Sabana\" \/>\n<meta property=\"og:description\" content=\"Online: Yoga embarazo y Danza prenatal Yoga presencial para ni\u00f1os, familia, deportistas y adultos mayores Asesor\u00edas privadas en la gestaci\u00f3n: Alimentaci\u00f3n y los mejores ejercicios en el embarazo Parto respetado (parto natural y ces\u00e1rea) Manejo natural del dolor de parto y confort Superar las dificultades de la lactancia y una pronta recuperaci\u00f3n posparto Asesor\u00edas preconcepcionales: [&hellip;]\" \/>\n<meta property=\"og:url\" content=\"https:\/\/happyyogacolombia.com\/sabana\/conocenos\/\" \/>\n<meta property=\"og:site_name\" content=\"HappyYoga Sabana\" \/>\n<meta property=\"article:modified_time\" content=\"2022-08-05T15:32:38+00:00\" \/>\n<meta property=\"og:image\" content=\"https:\/\/happyyogacolombia.com\/sabana\/wp-content\/uploads\/sites\/3\/2021\/12\/sabana_0006_T4.jpg\" \/>\n\t<meta property=\"og:image:width\" content=\"1920\" \/>\n\t<meta property=\"og:image:height\" content=\"1080\" \/>\n\t<meta property=\"og:image:type\" content=\"image\/jpeg\" \/>\n<meta name=\"twitter:card\" content=\"summary_large_image\" \/>\n<meta name=\"twitter:label1\" content=\"Tiempo de lectura\" \/>\n\t<meta name=\"twitter:data1\" content=\"1 minuto\" \/>\n<script type=\"application\/ld+json\" class=\"yoast-schema-graph\">{\"@context\":\"https:\/\/schema.org\",\"@graph\":[{\"@type\":\"WebPage\",\"@id\":\"https:\/\/happyyogacolombia.com\/sabana\/conocenos\/\",\"url\":\"https:\/\/happyyogacolombia.com\/sabana\/conocenos\/\",\"name\":\"Con\u00f3cenos - HappyYoga Sabana\",\"isPartOf\":{\"@id\":\"https:\/\/happyyogacolombia.com\/sabana\/#website\"},\"primaryImageOfPage\":{\"@id\":\"https:\/\/happyyogacolombia.com\/sabana\/conocenos\/#primaryimage\"},\"image\":{\"@id\":\"https:\/\/happyyogacolombia.com\/sabana\/conocenos\/#primaryimage\"},\"thumbnailUrl\":\"https:\/\/happyyogacolombia.com\/sabana\/wp-content\/uploads\/sites\/3\/2021\/12\/sabana_0006_T4.jpg\",\"datePublished\":\"2021-12-07T15:27:44+00:00\",\"dateModified\":\"2022-08-05T15:32:38+00:00\",\"breadcrumb\":{\"@id\":\"https:\/\/happyyogacolombia.com\/sabana\/conocenos\/#breadcrumb\"},\"inLanguage\":\"es\",\"potentialAction\":[{\"@type\":\"ReadAction\",\"target\":[\"https:\/\/happyyogacolombia.com\/sabana\/conocenos\/\"]}]},{\"@type\":\"ImageObject\",\"inLanguage\":\"es\",\"@id\":\"https:\/\/happyyogacolombia.com\/sabana\/conocenos\/#primaryimage\",\"url\":\"https:\/\/happyyogacolombia.com\/sabana\/wp-content\/uploads\/sites\/3\/2021\/12\/sabana_0006_T4.jpg\",\"contentUrl\":\"https:\/\/happyyogacolombia.com\/sabana\/wp-content\/uploads\/sites\/3\/2021\/12\/sabana_0006_T4.jpg\",\"width\":1920,\"height\":1080},{\"@type\":\"BreadcrumbList\",\"@id\":\"https:\/\/happyyogacolombia.com\/sabana\/conocenos\/#breadcrumb\",\"itemListElement\":[{\"@type\":\"ListItem\",\"position\":1,\"name\":\"Portada\",\"item\":\"https:\/\/happyyogacolombia.com\/sabana\/\"},{\"@type\":\"ListItem\",\"position\":2,\"name\":\"Con\u00f3cenos\"}]},{\"@type\":\"WebSite\",\"@id\":\"https:\/\/happyyogacolombia.com\/sabana\/#website\",\"url\":\"https:\/\/happyyogacolombia.com\/sabana\/\",\"name\":\"HappyYoga Sabana\",\"description\":\"Otro sitio m\u00e1s de Happyyoga sitios\",\"potentialAction\":[{\"@type\":\"SearchAction\",\"target\":{\"@type\":\"EntryPoint\",\"urlTemplate\":\"https:\/\/happyyogacolombia.com\/sabana\/?s={search_term_string}\"},\"query-input\":\"required name=search_term_string\"}],\"inLanguage\":\"es\"}]}<\/script>\n<!-- \/ Yoast SEO plugin. -->","yoast_head_json":{"title":"Con\u00f3cenos - HappyYoga Sabana","robots":{"index":"index","follow":"follow","max-snippet":"max-snippet:-1","max-image-preview":"max-image-preview:large","max-video-preview":"max-video-preview:-1"},"canonical":"https:\/\/happyyogacolombia.com\/sabana\/conocenos\/","og_locale":"es_ES","og_type":"article","og_title":"Con\u00f3cenos - HappyYoga Sabana","og_description":"Online: Yoga embarazo y Danza prenatal Yoga presencial para ni\u00f1os, familia, deportistas y adultos mayores Asesor\u00edas privadas en la gestaci\u00f3n: Alimentaci\u00f3n y los mejores ejercicios en el embarazo Parto respetado (parto natural y ces\u00e1rea) Manejo natural del dolor de parto y confort Superar las dificultades de la lactancia y una pronta recuperaci\u00f3n posparto Asesor\u00edas preconcepcionales: [&hellip;]","og_url":"https:\/\/happyyogacolombia.com\/sabana\/conocenos\/","og_site_name":"HappyYoga Sabana","article_modified_time":"2022-08-05T15:32:38+00:00","og_image":[{"width":1920,"height":1080,"url":"https:\/\/happyyogacolombia.com\/sabana\/wp-content\/uploads\/sites\/3\/2021\/12\/sabana_0006_T4.jpg","type":"image\/jpeg"}],"twitter_card":"summary_large_image","twitter_misc":{"Tiempo de lectura":"1 minuto"},"schema":{"@context":"https:\/\/schema.org","@graph":[{"@type":"WebPage","@id":"https:\/\/happyyogacolombia.com\/sabana\/conocenos\/","url":"https:\/\/happyyogacolombia.com\/sabana\/conocenos\/","name":"Con\u00f3cenos - HappyYoga Sabana","isPartOf":{"@id":"https:\/\/happyyogacolombia.com\/sabana\/#website"},"primaryImageOfPage":{"@id":"https:\/\/happyyogacolombia.com\/sabana\/conocenos\/#primaryimage"},"image":{"@id":"https:\/\/happyyogacolombia.com\/sabana\/conocenos\/#primaryimage"},"thumbnailUrl":"https:\/\/happyyogacolombia.com\/sabana\/wp-content\/uploads\/sites\/3\/2021\/12\/sabana_0006_T4.jpg","datePublished":"2021-12-07T15:27:44+00:00","dateModified":"2022-08-05T15:32:38+00:00","breadcrumb":{"@id":"https:\/\/happyyogacolombia.com\/sabana\/conocenos\/#breadcrumb"},"inLanguage":"es","potentialAction":[{"@type":"ReadAction","target":["https:\/\/happyyogacolombia.com\/sabana\/conocenos\/"]}]},{"@type":"ImageObject","inLanguage":"es","@id":"https:\/\/happyyogacolombia.com\/sabana\/conocenos\/#primaryimage","url":"https:\/\/happyyogacolombia.com\/sabana\/wp-content\/uploads\/sites\/3\/2021\/12\/sabana_0006_T4.jpg","contentUrl":"https:\/\/happyyogacolombia.com\/sabana\/wp-content\/uploads\/sites\/3\/2021\/12\/sabana_0006_T4.jpg","width":1920,"height":1080},{"@type":"BreadcrumbList","@id":"https:\/\/happyyogacolombia.com\/sabana\/conocenos\/#breadcrumb","itemListElement":[{"@type":"ListItem","position":1,"name":"Portada","item":"https:\/\/happyyogacolombia.com\/sabana\/"},{"@type":"ListItem","position":2,"name":"Con\u00f3cenos"}]},{"@type":"WebSite","@id":"https:\/\/happyyogacolombia.com\/sabana\/#website","url":"https:\/\/happyyogacolombia.com\/sabana\/","name":"HappyYoga Sabana","description":"Otro sitio m\u00e1s de Happyyoga sitios","potentialAction":[{"@type":"SearchAction","target":{"@type":"EntryPoint","urlTemplate":"https:\/\/happyyogacolombia.com\/sabana\/?s={search_term_string}"},"query-input":"required name=search_term_string"}],"inLanguage":"es"}]}},"uagb_featured_image_src":{"full":["https:\/\/happyyogacolombia.com\/sabana\/wp-content\/uploads\/sites\/3\/2021\/12\/sabana_0006_T4.jpg",1920,1080,false],"thumbnail":["https:\/\/happyyogacolombia.com\/sabana\/wp-content\/uploads\/sites\/3\/2021\/12\/sabana_0006_T4-150x150.jpg",150,150,true],"medium":["https:\/\/happyyogacolombia.com\/sabana\/wp-content\/uploads\/sites\/3\/2021\/12\/sabana_0006_T4-300x169.jpg",300,169,true],"medium_large":["https:\/\/happyyogacolombia.com\/sabana\/wp-content\/uploads\/sites\/3\/2021\/12\/sabana_0006_T4-768x432.jpg",768,432,true],"large":["https:\/\/happyyogacolombia.com\/sabana\/wp-content\/uploads\/sites\/3\/2021\/12\/sabana_0006_T4-1024x576.jpg",1024,576,true],"1536x1536":["https:\/\/happyyogacolombia.com\/sabana\/wp-content\/uploads\/sites\/3\/2021\/12\/sabana_0006_T4-1536x864.jpg",1536,864,true],"2048x2048":["https:\/\/happyyogacolombia.com\/sabana\/wp-content\/uploads\/sites\/3\/2021\/12\/sabana_0006_T4.jpg",1920,1080,false],"eventos":["https:\/\/happyyogacolombia.com\/sabana\/wp-content\/uploads\/sites\/3\/2021\/12\/sabana_0006_T4-320x170.jpg",320,170,true],"blog":["https:\/\/happyyogacolombia.com\/sabana\/wp-content\/uploads\/sites\/3\/2021\/12\/sabana_0006_T4-329x185.jpg",329,185,true],"hd":["https:\/\/happyyogacolombia.com\/sabana\/wp-content\/uploads\/sites\/3\/2021\/12\/sabana_0006_T4-1920x1080.jpg",1920,1080,true],"cursos":["https:\/\/happyyogacolombia.com\/sabana\/wp-content\/uploads\/sites\/3\/2021\/12\/sabana_0006_T4-500x281.jpg",500,281,true],"menu-24x24":["https:\/\/happyyogacolombia.com\/sabana\/wp-content\/uploads\/sites\/3\/2021\/12\/sabana_0006_T4-24x14.jpg",24,14,true],"menu-36x36":["https:\/\/happyyogacolombia.com\/sabana\/wp-content\/uploads\/sites\/3\/2021\/12\/sabana_0006_T4-36x20.jpg",36,20,true],"menu-48x48":["https:\/\/happyyogacolombia.com\/sabana\/wp-content\/uploads\/sites\/3\/2021\/12\/sabana_0006_T4-48x27.jpg",48,27,true]},"uagb_author_info":{"display_name":"davidfelipe9","author_link":"https:\/\/happyyogacolombia.com\/sabana\/author\/davidfelipe9\/"},"uagb_comment_info":0,"uagb_excerpt":"Online: Yoga embarazo y Danza prenatal Yoga presencial para ni\u00f1os, familia, deportistas y adultos mayores Asesor\u00edas privadas en la gestaci\u00f3n: Alimentaci\u00f3n y los mejores ejercicios en el embarazo Parto respetado (parto natural y ces\u00e1rea) Manejo natural del dolor de parto y confort Superar las dificultades de la lactancia y una pronta recuperaci\u00f3n posparto Asesor\u00edas preconcepcionales:&hellip;","_links":{"self":[{"href":"https:\/\/happyyogacolombia.com\/sabana\/wp-json\/wp\/v2\/pages\/46","targetHints":{"allow":["GET"]}}],"collection":[{"href":"https:\/\/happyyogacolombia.com\/sabana\/wp-json\/wp\/v2\/pages"}],"about":[{"href":"https:\/\/happyyogacolombia.com\/sabana\/wp-json\/wp\/v2\/types\/page"}],"author":[{"embeddable":true,"href":"https:\/\/happyyogacolombia.com\/sabana\/wp-json\/wp\/v2\/users\/1"}],"replies":[{"embeddable":true,"href":"https:\/\/happyyogacolombia.com\/sabana\/wp-json\/wp\/v2\/comments?post=46"}],"version-history":[{"count":2,"href":"https:\/\/happyyogacolombia.com\/sabana\/wp-json\/wp\/v2\/pages\/46\/revisions"}],"predecessor-version":[{"id":182,"href":"https:\/\/happyyogacolombia.com\/sabana\/wp-json\/wp\/v2\/pages\/46\/revisions\/182"}],"wp:featuredmedia":[{"embeddable":true,"href":"https:\/\/happyyogacolombia.com\/sabana\/wp-json\/wp\/v2\/media\/93"}],"wp:attachment":[{"href":"https:\/\/happyyogacolombia.com\/sabana\/wp-json\/wp\/v2\/media?parent=46"}],"curies":[{"name":"wp","href":"https:\/\/api.w.org\/{rel}","templated":true}]}}