{"id":128,"date":"2021-12-14T13:57:14","date_gmt":"2021-12-14T13:57:14","guid":{"rendered":"https:\/\/happyyogacolombia.com\/sabana\/?page_id=128"},"modified":"2021-12-14T13:57:15","modified_gmt":"2021-12-14T13:57:15","slug":"cursos-2","status":"publish","type":"page","link":"https:\/\/happyyogacolombia.com\/sabana\/cursos-2\/","title":{"rendered":"Cursos"},"content":{"rendered":"\n<div class=\"wp-block-group\"><div class=\"wp-block-group__inner-container is-layout-flow wp-block-group-is-layout-flow\">\n<p>Obtendr\u00e1s todas las herramientas para realizar: acuerdos con tu pareja o con el padre de tu beb\u00e9, conocer los mejores alimentos y ejercicios en la gestaci\u00f3n, herramientas naturales para el manejo del dolor de parto, conocer las verdaderas razones para una ces\u00e1rea y si es tu caso, c\u00f3mo vivir una ces\u00e1rea humanizada, disfrutar de una lactancia sin dolor y tips para superar las dificultades, recomendaciones para una pronta recuperaci\u00f3n posparto, (parto vaginal o ces\u00e1rea), prevenir la depresi\u00f3n posparto y todos los cuidados del beb\u00e9.<\/p>\n<\/div><\/div>\n","protected":false},"excerpt":{"rendered":"<p>Obtendr\u00e1s todas las herramientas para realizar: acuerdos con tu pareja o con el padre de tu beb\u00e9, conocer los mejores alimentos y ejercicios en la gestaci\u00f3n, herramientas naturales para el manejo del dolor de parto, conocer las verdaderas razones para una ces\u00e1rea y si es tu caso, c\u00f3mo vivir una ces\u00e1rea humanizada, disfrutar de una [&hellip;]<\/p>\n","protected":false},"author":1,"featured_media":0,"parent":0,"menu_order":0,"comment_status":"closed","ping_status":"closed","template":"cursos.php","meta":{"_uag_custom_page_level_css":"","pgc_sgb_lightbox_settings":"","footnotes":""},"class_list":["post-128","page","type-page","status-publish","hentry"],"yoast_head":"<!-- This site is optimized with the Yoast SEO plugin v22.3 - https:\/\/yoast.com\/wordpress\/plugins\/seo\/ -->\n<title>Cursos - HappyYoga Sabana<\/title>\n<meta name=\"robots\" content=\"index, follow, max-snippet:-1, max-image-preview:large, max-video-preview:-1\" \/>\n<link rel=\"canonical\" href=\"https:\/\/happyyogacolombia.com\/sabana\/cursos-2\/\" \/>\n<meta property=\"og:locale\" content=\"es_ES\" \/>\n<meta property=\"og:type\" content=\"article\" \/>\n<meta property=\"og:title\" content=\"Cursos - HappyYoga Sabana\" \/>\n<meta property=\"og:description\" content=\"Obtendr\u00e1s todas las herramientas para realizar: acuerdos con tu pareja o con el padre de tu beb\u00e9, conocer los mejores alimentos y ejercicios en la gestaci\u00f3n, herramientas naturales para el manejo del dolor de parto, conocer las verdaderas razones para una ces\u00e1rea y si es tu caso, c\u00f3mo vivir una ces\u00e1rea humanizada, disfrutar de una [&hellip;]\" \/>\n<meta property=\"og:url\" content=\"https:\/\/happyyogacolombia.com\/sabana\/cursos-2\/\" \/>\n<meta property=\"og:site_name\" content=\"HappyYoga Sabana\" \/>\n<meta property=\"article:modified_time\" content=\"2021-12-14T13:57:15+00:00\" \/>\n<meta name=\"twitter:card\" content=\"summary_large_image\" \/>\n<script type=\"application\/ld+json\" class=\"yoast-schema-graph\">{\"@context\":\"https:\/\/schema.org\",\"@graph\":[{\"@type\":\"WebPage\",\"@id\":\"https:\/\/happyyogacolombia.com\/sabana\/cursos-2\/\",\"url\":\"https:\/\/happyyogacolombia.com\/sabana\/cursos-2\/\",\"name\":\"Cursos - HappyYoga Sabana\",\"isPartOf\":{\"@id\":\"https:\/\/happyyogacolombia.com\/sabana\/#website\"},\"datePublished\":\"2021-12-14T13:57:14+00:00\",\"dateModified\":\"2021-12-14T13:57:15+00:00\",\"breadcrumb\":{\"@id\":\"https:\/\/happyyogacolombia.com\/sabana\/cursos-2\/#breadcrumb\"},\"inLanguage\":\"es\",\"potentialAction\":[{\"@type\":\"ReadAction\",\"target\":[\"https:\/\/happyyogacolombia.com\/sabana\/cursos-2\/\"]}]},{\"@type\":\"BreadcrumbList\",\"@id\":\"https:\/\/happyyogacolombia.com\/sabana\/cursos-2\/#breadcrumb\",\"itemListElement\":[{\"@type\":\"ListItem\",\"position\":1,\"name\":\"Portada\",\"item\":\"https:\/\/happyyogacolombia.com\/sabana\/\"},{\"@type\":\"ListItem\",\"position\":2,\"name\":\"Cursos\"}]},{\"@type\":\"WebSite\",\"@id\":\"https:\/\/happyyogacolombia.com\/sabana\/#website\",\"url\":\"https:\/\/happyyogacolombia.com\/sabana\/\",\"name\":\"HappyYoga Sabana\",\"description\":\"Otro sitio m\u00e1s de Happyyoga sitios\",\"potentialAction\":[{\"@type\":\"SearchAction\",\"target\":{\"@type\":\"EntryPoint\",\"urlTemplate\":\"https:\/\/happyyogacolombia.com\/sabana\/?s={search_term_string}\"},\"query-input\":\"required name=search_term_string\"}],\"inLanguage\":\"es\"}]}<\/script>\n<!-- \/ Yoast SEO plugin. -->","yoast_head_json":{"title":"Cursos - HappyYoga Sabana","robots":{"index":"index","follow":"follow","max-snippet":"max-snippet:-1","max-image-preview":"max-image-preview:large","max-video-preview":"max-video-preview:-1"},"canonical":"https:\/\/happyyogacolombia.com\/sabana\/cursos-2\/","og_locale":"es_ES","og_type":"article","og_title":"Cursos - HappyYoga Sabana","og_description":"Obtendr\u00e1s todas las herramientas para realizar: acuerdos con tu pareja o con el padre de tu beb\u00e9, conocer los mejores alimentos y ejercicios en la gestaci\u00f3n, herramientas naturales para el manejo del dolor de parto, conocer las verdaderas razones para una ces\u00e1rea y si es tu caso, c\u00f3mo vivir una ces\u00e1rea humanizada, disfrutar de una [&hellip;]","og_url":"https:\/\/happyyogacolombia.com\/sabana\/cursos-2\/","og_site_name":"HappyYoga Sabana","article_modified_time":"2021-12-14T13:57:15+00:00","twitter_card":"summary_large_image","schema":{"@context":"https:\/\/schema.org","@graph":[{"@type":"WebPage","@id":"https:\/\/happyyogacolombia.com\/sabana\/cursos-2\/","url":"https:\/\/happyyogacolombia.com\/sabana\/cursos-2\/","name":"Cursos - HappyYoga Sabana","isPartOf":{"@id":"https:\/\/happyyogacolombia.com\/sabana\/#website"},"datePublished":"2021-12-14T13:57:14+00:00","dateModified":"2021-12-14T13:57:15+00:00","breadcrumb":{"@id":"https:\/\/happyyogacolombia.com\/sabana\/cursos-2\/#breadcrumb"},"inLanguage":"es","potentialAction":[{"@type":"ReadAction","target":["https:\/\/happyyogacolombia.com\/sabana\/cursos-2\/"]}]},{"@type":"BreadcrumbList","@id":"https:\/\/happyyogacolombia.com\/sabana\/cursos-2\/#breadcrumb","itemListElement":[{"@type":"ListItem","position":1,"name":"Portada","item":"https:\/\/happyyogacolombia.com\/sabana\/"},{"@type":"ListItem","position":2,"name":"Cursos"}]},{"@type":"WebSite","@id":"https:\/\/happyyogacolombia.com\/sabana\/#website","url":"https:\/\/happyyogacolombia.com\/sabana\/","name":"HappyYoga Sabana","description":"Otro sitio m\u00e1s de Happyyoga sitios","potentialAction":[{"@type":"SearchAction","target":{"@type":"EntryPoint","urlTemplate":"https:\/\/happyyogacolombia.com\/sabana\/?s={search_term_string}"},"query-input":"required name=search_term_string"}],"inLanguage":"es"}]}},"uagb_featured_image_src":{"full":false,"thumbnail":false,"medium":false,"medium_large":false,"large":false,"1536x1536":false,"2048x2048":false,"eventos":false,"blog":false,"hd":false,"cursos":false,"menu-24x24":false,"menu-36x36":false,"menu-48x48":false},"uagb_author_info":{"display_name":"davidfelipe9","author_link":"https:\/\/happyyogacolombia.com\/sabana\/author\/davidfelipe9\/"},"uagb_comment_info":0,"uagb_excerpt":"Obtendr\u00e1s todas las herramientas para realizar: acuerdos con tu pareja o con el padre de tu beb\u00e9, conocer los mejores alimentos y ejercicios en la gestaci\u00f3n, herramientas naturales para el manejo del dolor de parto, conocer las verdaderas razones para una ces\u00e1rea y si es tu caso, c\u00f3mo vivir una ces\u00e1rea humanizada, disfrutar de una&hellip;","_links":{"self":[{"href":"https:\/\/happyyogacolombia.com\/sabana\/wp-json\/wp\/v2\/pages\/128","targetHints":{"allow":["GET"]}}],"collection":[{"href":"https:\/\/happyyogacolombia.com\/sabana\/wp-json\/wp\/v2\/pages"}],"about":[{"href":"https:\/\/happyyogacolombia.com\/sabana\/wp-json\/wp\/v2\/types\/page"}],"author":[{"embeddable":true,"href":"https:\/\/happyyogacolombia.com\/sabana\/wp-json\/wp\/v2\/users\/1"}],"replies":[{"embeddable":true,"href":"https:\/\/happyyogacolombia.com\/sabana\/wp-json\/wp\/v2\/comments?post=128"}],"version-history":[{"count":1,"href":"https:\/\/happyyogacolombia.com\/sabana\/wp-json\/wp\/v2\/pages\/128\/revisions"}],"predecessor-version":[{"id":129,"href":"https:\/\/happyyogacolombia.com\/sabana\/wp-json\/wp\/v2\/pages\/128\/revisions\/129"}],"wp:attachment":[{"href":"https:\/\/happyyogacolombia.com\/sabana\/wp-json\/wp\/v2\/media?parent=128"}],"curies":[{"name":"wp","href":"https:\/\/api.w.org\/{rel}","templated":true}]}}