{"id":44,"date":"2021-11-29T20:42:27","date_gmt":"2021-11-29T20:42:27","guid":{"rendered":"https:\/\/happyyogacolombia.com\/medita\/?page_id=44"},"modified":"2023-01-27T18:04:55","modified_gmt":"2023-01-27T18:04:55","slug":"inicio-2020","status":"publish","type":"page","link":"https:\/\/happyyogacolombia.com\/medita\/","title":{"rendered":"Happy Yoga Medita"},"content":{"rendered":"\n<div class=\"alignnormal\"><div id=\"metaslider-id-21\" style=\"width: 100%;\" class=\"ml-slider-3-25-1 metaslider metaslider-flex metaslider-21 ml-slider\">\n    <div id=\"metaslider_container_21\">\n        <div id=\"metaslider_21\">\n            <ul aria-live=\"polite\" class=\"slides\">\n                <li style=\"display: block; width: 100%;\" class=\"slide-78 ms-image\"><a href=\"https:\/\/happyyogacolombia.com\/bogota\/cursos\/introduccion-a-la-meditacion\/\" target=\"_self\"><img loading=\"lazy\" decoding=\"async\" src=\"https:\/\/happyyogacolombia.com\/medita\/wp-content\/uploads\/sites\/6\/2023\/01\/intro-med.jpeg\" height=\"600\" width=\"1920\" alt=\"\" class=\"slider-21 slide-78\" title=\"intro med\" \/><\/a><\/li>\n                <li style=\"display: none; width: 100%;\" class=\"slide-83 ms-image\"><a href=\"#\" target=\"_self\"><img loading=\"lazy\" decoding=\"async\" src=\"https:\/\/happyyogacolombia.com\/medita\/wp-content\/uploads\/sites\/6\/2021\/11\/budas_web-min-1920x600.jpg\" height=\"600\" width=\"1920\" alt=\"\" class=\"slider-21 slide-83\" title=\"budas_web-min\" \/><\/a><\/li>\n            <\/ul>\n        <\/div>\n        \n    <\/div>\n<\/div><\/div>\n\n\n\n<div style=\"height:39px\" aria-hidden=\"true\" class=\"wp-block-spacer\"><\/div>\n\n\n\n<div class=\"wp-block-group\"><div class=\"wp-block-group__inner-container is-layout-flow wp-block-group-is-layout-flow\">\n<p class=\"has-text-align-center has-text-color has-large-font-size\" style=\"color:#52a3a0\">Happy Yoga Medita<\/p>\n\n\n\n<section class=\"wp-block-uagb-section uagb-section__wrap uagb-section__background-undefined uagb-block-cec306c1\"><div class=\"uagb-section__overlay\"><\/div><div class=\"uagb-section__inner-wrap\">\n<p class=\"has-text-align-center has-text-color has-medium-font-size\" style=\"color:#4a4a4a\">Meditar es un acto \u00edntimo, un movimiento de la conciencia. Aqu\u00ed encontrar\u00e1s herramientas \u00fatiles y bellas para practicar el arte de la meditaci\u00f3n. Podr\u00e1s profundizar en el camino de Un Curso de Milagros, en el Yoga de los Sue\u00f1os, en el cultivo de unas Relaciones Conscientes y en la senda del Bhakti Yoga. Te ofrecemos talleres, retiros, cursos online y asesor\u00edas personales.<\/p>\n<\/div><\/section>\n\n\n\n<div class=\"wp-block-buttons is-horizontal is-content-justification-center is-layout-flex wp-container-core-buttons-is-layout-499968f5 wp-block-buttons-is-layout-flex\"><\/div>\n<\/div><\/div>\n\n\n\n<div style=\"height:77px\" aria-hidden=\"true\" class=\"wp-block-spacer\"><\/div>\n\n\n\n<div class=\"wp-block-group\"><div class=\"wp-block-group__inner-container is-layout-flow wp-block-group-is-layout-flow\"><div class=\"wp-block-image\">\n<figure class=\"aligncenter size-large is-resized\"><img loading=\"lazy\" decoding=\"async\" src=\"https:\/\/happyyogacolombia.com\/bogota\/wp-content\/uploads\/sites\/2\/2021\/11\/cuencoweb-min-1024x707.png\" alt=\"\" class=\"wp-image-908\" width=\"256\" height=\"177\"\/><\/figure>\n<\/div><\/div><\/div>\n\n\n\n<div style=\"height:43px\" aria-hidden=\"true\" class=\"wp-block-spacer\"><\/div>\n\n\n\n<figure class=\"wp-block-embed is-type-video is-provider-youtube wp-block-embed-youtube wp-embed-aspect-16-9 wp-has-aspect-ratio\"><div class=\"wp-block-embed__wrapper\">\n<iframe loading=\"lazy\" title=\"Meditaci\u00f3n: La puerta del entrecejo\" width=\"500\" height=\"281\" src=\"https:\/\/www.youtube.com\/embed\/fRUcOX9AKoY?feature=oembed\" frameborder=\"0\" allow=\"accelerometer; autoplay; clipboard-write; encrypted-media; gyroscope; picture-in-picture; web-share\" referrerpolicy=\"strict-origin-when-cross-origin\" allowfullscreen><\/iframe>\n<\/div><\/figure>\n\n\n\n<div class=\"wp-block-group\"><div class=\"wp-block-group__inner-container is-layout-flow wp-block-group-is-layout-flow\"><\/div><\/div>\n","protected":false},"excerpt":{"rendered":"<p>Happy Yoga Medita<\/p>\n","protected":false},"author":1,"featured_media":0,"parent":0,"menu_order":0,"comment_status":"closed","ping_status":"closed","template":"","meta":{"_uag_custom_page_level_css":"","pgc_sgb_lightbox_settings":"","footnotes":""},"class_list":["post-44","page","type-page","status-publish","hentry"],"yoast_head":"<!-- This site is optimized with the Yoast SEO plugin v22.3 - https:\/\/yoast.com\/wordpress\/plugins\/seo\/ -->\n<title>Happy Yoga Medita - HappyYoga Medita<\/title>\n<meta name=\"robots\" content=\"index, follow, max-snippet:-1, max-image-preview:large, max-video-preview:-1\" \/>\n<link rel=\"canonical\" href=\"https:\/\/happyyogacolombia.com\/medita\/\" \/>\n<meta property=\"og:locale\" content=\"es_ES\" \/>\n<meta property=\"og:type\" content=\"article\" \/>\n<meta property=\"og:title\" content=\"Happy Yoga Medita - HappyYoga Medita\" \/>\n<meta property=\"og:description\" content=\"Happy Yoga Medita\" \/>\n<meta property=\"og:url\" content=\"https:\/\/happyyogacolombia.com\/medita\/\" \/>\n<meta property=\"og:site_name\" content=\"HappyYoga Medita\" \/>\n<meta property=\"article:modified_time\" content=\"2023-01-27T18:04:55+00:00\" \/>\n<meta property=\"og:image\" content=\"https:\/\/happyyogacolombia.com\/bogota\/wp-content\/uploads\/sites\/2\/2021\/11\/cuencoweb-min-1024x707.png\" \/>\n<meta name=\"twitter:card\" content=\"summary_large_image\" \/>\n<script type=\"application\/ld+json\" class=\"yoast-schema-graph\">{\"@context\":\"https:\/\/schema.org\",\"@graph\":[{\"@type\":\"WebPage\",\"@id\":\"https:\/\/happyyogacolombia.com\/medita\/\",\"url\":\"https:\/\/happyyogacolombia.com\/medita\/\",\"name\":\"Happy Yoga Medita - HappyYoga Medita\",\"isPartOf\":{\"@id\":\"https:\/\/happyyogacolombia.com\/medita\/#website\"},\"primaryImageOfPage\":{\"@id\":\"https:\/\/happyyogacolombia.com\/medita\/#primaryimage\"},\"image\":{\"@id\":\"https:\/\/happyyogacolombia.com\/medita\/#primaryimage\"},\"thumbnailUrl\":\"https:\/\/happyyogacolombia.com\/bogota\/wp-content\/uploads\/sites\/2\/2021\/11\/cuencoweb-min-1024x707.png\",\"datePublished\":\"2021-11-29T20:42:27+00:00\",\"dateModified\":\"2023-01-27T18:04:55+00:00\",\"breadcrumb\":{\"@id\":\"https:\/\/happyyogacolombia.com\/medita\/#breadcrumb\"},\"inLanguage\":\"es\",\"potentialAction\":[{\"@type\":\"ReadAction\",\"target\":[\"https:\/\/happyyogacolombia.com\/medita\/\"]}]},{\"@type\":\"ImageObject\",\"inLanguage\":\"es\",\"@id\":\"https:\/\/happyyogacolombia.com\/medita\/#primaryimage\",\"url\":\"https:\/\/happyyogacolombia.com\/bogota\/wp-content\/uploads\/sites\/2\/2021\/11\/cuencoweb-min-1024x707.png\",\"contentUrl\":\"https:\/\/happyyogacolombia.com\/bogota\/wp-content\/uploads\/sites\/2\/2021\/11\/cuencoweb-min-1024x707.png\"},{\"@type\":\"BreadcrumbList\",\"@id\":\"https:\/\/happyyogacolombia.com\/medita\/#breadcrumb\",\"itemListElement\":[{\"@type\":\"ListItem\",\"position\":1,\"name\":\"Portada\",\"item\":\"https:\/\/happyyogacolombia.com\/medita\/\"},{\"@type\":\"ListItem\",\"position\":2,\"name\":\"Happy Yoga Medita\"}]},{\"@type\":\"WebSite\",\"@id\":\"https:\/\/happyyogacolombia.com\/medita\/#website\",\"url\":\"https:\/\/happyyogacolombia.com\/medita\/\",\"name\":\"HappyYoga Medita\",\"description\":\"Otro sitio m\u00e1s de Happyyoga sitios\",\"potentialAction\":[{\"@type\":\"SearchAction\",\"target\":{\"@type\":\"EntryPoint\",\"urlTemplate\":\"https:\/\/happyyogacolombia.com\/medita\/?s={search_term_string}\"},\"query-input\":\"required name=search_term_string\"}],\"inLanguage\":\"es\"}]}<\/script>\n<!-- \/ Yoast SEO plugin. -->","yoast_head_json":{"title":"Happy Yoga Medita - HappyYoga Medita","robots":{"index":"index","follow":"follow","max-snippet":"max-snippet:-1","max-image-preview":"max-image-preview:large","max-video-preview":"max-video-preview:-1"},"canonical":"https:\/\/happyyogacolombia.com\/medita\/","og_locale":"es_ES","og_type":"article","og_title":"Happy Yoga Medita - HappyYoga Medita","og_description":"Happy Yoga Medita","og_url":"https:\/\/happyyogacolombia.com\/medita\/","og_site_name":"HappyYoga Medita","article_modified_time":"2023-01-27T18:04:55+00:00","og_image":[{"url":"https:\/\/happyyogacolombia.com\/bogota\/wp-content\/uploads\/sites\/2\/2021\/11\/cuencoweb-min-1024x707.png"}],"twitter_card":"summary_large_image","schema":{"@context":"https:\/\/schema.org","@graph":[{"@type":"WebPage","@id":"https:\/\/happyyogacolombia.com\/medita\/","url":"https:\/\/happyyogacolombia.com\/medita\/","name":"Happy Yoga Medita - HappyYoga Medita","isPartOf":{"@id":"https:\/\/happyyogacolombia.com\/medita\/#website"},"primaryImageOfPage":{"@id":"https:\/\/happyyogacolombia.com\/medita\/#primaryimage"},"image":{"@id":"https:\/\/happyyogacolombia.com\/medita\/#primaryimage"},"thumbnailUrl":"https:\/\/happyyogacolombia.com\/bogota\/wp-content\/uploads\/sites\/2\/2021\/11\/cuencoweb-min-1024x707.png","datePublished":"2021-11-29T20:42:27+00:00","dateModified":"2023-01-27T18:04:55+00:00","breadcrumb":{"@id":"https:\/\/happyyogacolombia.com\/medita\/#breadcrumb"},"inLanguage":"es","potentialAction":[{"@type":"ReadAction","target":["https:\/\/happyyogacolombia.com\/medita\/"]}]},{"@type":"ImageObject","inLanguage":"es","@id":"https:\/\/happyyogacolombia.com\/medita\/#primaryimage","url":"https:\/\/happyyogacolombia.com\/bogota\/wp-content\/uploads\/sites\/2\/2021\/11\/cuencoweb-min-1024x707.png","contentUrl":"https:\/\/happyyogacolombia.com\/bogota\/wp-content\/uploads\/sites\/2\/2021\/11\/cuencoweb-min-1024x707.png"},{"@type":"BreadcrumbList","@id":"https:\/\/happyyogacolombia.com\/medita\/#breadcrumb","itemListElement":[{"@type":"ListItem","position":1,"name":"Portada","item":"https:\/\/happyyogacolombia.com\/medita\/"},{"@type":"ListItem","position":2,"name":"Happy Yoga Medita"}]},{"@type":"WebSite","@id":"https:\/\/happyyogacolombia.com\/medita\/#website","url":"https:\/\/happyyogacolombia.com\/medita\/","name":"HappyYoga Medita","description":"Otro sitio m\u00e1s de Happyyoga sitios","potentialAction":[{"@type":"SearchAction","target":{"@type":"EntryPoint","urlTemplate":"https:\/\/happyyogacolombia.com\/medita\/?s={search_term_string}"},"query-input":"required name=search_term_string"}],"inLanguage":"es"}]}},"uagb_featured_image_src":{"full":false,"thumbnail":false,"medium":false,"medium_large":false,"large":false,"1536x1536":false,"2048x2048":false,"eventos":false,"blog":false,"hd":false,"cursos":false,"menu-24x24":false,"menu-36x36":false,"menu-48x48":false},"uagb_author_info":{"display_name":"davidfelipe9","author_link":"https:\/\/happyyogacolombia.com\/medita\/author\/davidfelipe9\/"},"uagb_comment_info":0,"uagb_excerpt":"Happy Yoga Medita","_links":{"self":[{"href":"https:\/\/happyyogacolombia.com\/medita\/wp-json\/wp\/v2\/pages\/44","targetHints":{"allow":["GET"]}}],"collection":[{"href":"https:\/\/happyyogacolombia.com\/medita\/wp-json\/wp\/v2\/pages"}],"about":[{"href":"https:\/\/happyyogacolombia.com\/medita\/wp-json\/wp\/v2\/types\/page"}],"author":[{"embeddable":true,"href":"https:\/\/happyyogacolombia.com\/medita\/wp-json\/wp\/v2\/users\/1"}],"replies":[{"embeddable":true,"href":"https:\/\/happyyogacolombia.com\/medita\/wp-json\/wp\/v2\/comments?post=44"}],"version-history":[{"count":6,"href":"https:\/\/happyyogacolombia.com\/medita\/wp-json\/wp\/v2\/pages\/44\/revisions"}],"predecessor-version":[{"id":100,"href":"https:\/\/happyyogacolombia.com\/medita\/wp-json\/wp\/v2\/pages\/44\/revisions\/100"}],"wp:attachment":[{"href":"https:\/\/happyyogacolombia.com\/medita\/wp-json\/wp\/v2\/media?parent=44"}],"curies":[{"name":"wp","href":"https:\/\/api.w.org\/{rel}","templated":true}]}}