{"id":9,"date":"2021-11-29T20:41:00","date_gmt":"2021-11-29T20:41:00","guid":{"rendered":"https:\/\/happyyogacolombia.com\/cali\/?page_id=9"},"modified":"2023-03-23T19:57:37","modified_gmt":"2023-03-23T19:57:37","slug":"inicio-2020","status":"publish","type":"page","link":"https:\/\/happyyogacolombia.com\/cali\/","title":{"rendered":"P\u00e1gina en construcci\u00f3n"},"content":{"rendered":"\n<div class=\"wp-block-group\"><div class=\"wp-block-group__inner-container is-layout-flow wp-block-group-is-layout-flow\">\n<p><\/p>\n\n\n\n<div style=\"height:72px\" aria-hidden=\"true\" class=\"wp-block-spacer\"><\/div>\n\n\n\n<div class=\"wp-block-group\"><div class=\"wp-block-group__inner-container is-layout-flow wp-block-group-is-layout-flow\">\n<p class=\"has-text-align-center has-text-color has-large-font-size\" style=\"color:#52a3a0\">Happy Yoga Cali<\/p>\n\n\n\n<section class=\"wp-block-uagb-section uagb-section__wrap uagb-section__background-undefined uagb-block-ba3954aa\"><div class=\"uagb-section__overlay\"><\/div><div class=\"uagb-section__inner-wrap\">\n<p class=\"has-text-align-center has-text-color has-medium-font-size\" style=\"color:#4a4a4a\">Somos una escuela de yoga fundada en 2010 en Cali. <\/p>\n\n\n\n<p><\/p>\n\n\n\n<p><\/p>\n\n\n\n<p class=\"has-text-align-left\">Trabajamos dos l\u00edneas o pilares que son: Kundalini yoga y Hatha Yoga. Las herramientas fundamentales que te ofrecemos son la meditaci\u00f3n, la respiraci\u00f3n y el movimiento del cuerpo para tener una vida sana y saludable. <\/p>\n\n\n\n<p><\/p>\n\n\n\n<p class=\"has-text-align-left\">Nuestra fundadora y directora, Angela Mazuera es una enamorada de la t\u00e9cnica y de todo lo que proporciona el yoga como una puerta de apertura para transformar tu vida. Publicista de profesi\u00f3n, decide formarse en esta practica en 2008 con Happy Yoga Colombia. <\/p>\n\n\n\n<p><\/p>\n\n\n\n<p><\/p>\n\n\n\n<p><\/p>\n\n\n\n<p><\/p>\n\n\n\n<p><strong>Hoy somos un estudio especializado en: <\/strong><\/p>\n\n\n\n<p>-Kundalini yoga, Hatha Raja yoga, yoga Terap\u00e9utico, yoga para ni\u00f1os, yoga prenatal  <\/p>\n\n\n\n<p>-Clases de danza moderna <\/p>\n\n\n\n<p>-Cursos y talleres <\/p>\n\n\n\n<p>-Formaci\u00f3n de profesores<\/p>\n\n\n\n<p>-Retiros de bienestar<\/p>\n\n\n\n<p><\/p>\n\n\n\n<p><\/p>\n\n\n\n<figure class=\"wp-block-image size-large\"><img loading=\"lazy\" decoding=\"async\" width=\"1024\" height=\"683\" src=\"https:\/\/happyyogacolombia.com\/cali\/wp-content\/uploads\/sites\/4\/2023\/03\/IMG_9827-1024x683.jpg\" alt=\"\" class=\"wp-image-58\" srcset=\"https:\/\/happyyogacolombia.com\/cali\/wp-content\/uploads\/sites\/4\/2023\/03\/IMG_9827-1024x683.jpg 1024w, https:\/\/happyyogacolombia.com\/cali\/wp-content\/uploads\/sites\/4\/2023\/03\/IMG_9827-300x200.jpg 300w, https:\/\/happyyogacolombia.com\/cali\/wp-content\/uploads\/sites\/4\/2023\/03\/IMG_9827-768x512.jpg 768w, https:\/\/happyyogacolombia.com\/cali\/wp-content\/uploads\/sites\/4\/2023\/03\/IMG_9827-1536x1024.jpg 1536w, https:\/\/happyyogacolombia.com\/cali\/wp-content\/uploads\/sites\/4\/2023\/03\/IMG_9827-2048x1365.jpg 2048w, https:\/\/happyyogacolombia.com\/cali\/wp-content\/uploads\/sites\/4\/2023\/03\/IMG_9827-24x16.jpg 24w, https:\/\/happyyogacolombia.com\/cali\/wp-content\/uploads\/sites\/4\/2023\/03\/IMG_9827-36x24.jpg 36w, https:\/\/happyyogacolombia.com\/cali\/wp-content\/uploads\/sites\/4\/2023\/03\/IMG_9827-48x32.jpg 48w\" sizes=\"auto, (max-width: 1024px) 100vw, 1024px\" \/><\/figure>\n<\/div><\/section>\n\n\n\n<div class=\"wp-block-buttons is-horizontal is-content-justification-center is-layout-flex wp-container-core-buttons-is-layout-499968f5 wp-block-buttons-is-layout-flex\">\n<div class=\"wp-block-button\"><a class=\"wp-block-button__link wp-element-button\" href=\"https:\/\/wa.link\/53amtm\">Escr\u00edbenos para agendar tu clase <\/a><\/div>\n<\/div>\n<\/div><\/div>\n<\/div><\/div>\n\n\n\n<p><\/p>\n\n\n<div class=\"wp-block-image\">\n<figure class=\"aligncenter size-large is-resized\"><img loading=\"lazy\" decoding=\"async\" src=\"https:\/\/happyyogacolombia.com\/bogota\/wp-content\/uploads\/sites\/2\/2021\/11\/cuencoweb-min-1024x707.png\" alt=\"\" class=\"wp-image-908\" width=\"256\" height=\"177\"\/><\/figure>\n<\/div>\n\n\n<p><\/p>\n\n\n\n<p><\/p>\n\n\n\n<p><\/p>\n\n\n\n<p><\/p>\n\n\n\n<p class=\"has-text-align-center has-large-font-size\"><strong>Horario de clases<\/strong><\/p>\n\n\n<div class=\"wp-block-image\">\n<figure class=\"aligncenter size-large\"><img loading=\"lazy\" decoding=\"async\" width=\"819\" height=\"1024\" src=\"https:\/\/happyyogacolombia.com\/cali\/wp-content\/uploads\/sites\/4\/2023\/03\/Nueva-oferta-clases-de-yoga-aereo-15-819x1024.png\" alt=\"\" class=\"wp-image-52\" srcset=\"https:\/\/happyyogacolombia.com\/cali\/wp-content\/uploads\/sites\/4\/2023\/03\/Nueva-oferta-clases-de-yoga-aereo-15-819x1024.png 819w, https:\/\/happyyogacolombia.com\/cali\/wp-content\/uploads\/sites\/4\/2023\/03\/Nueva-oferta-clases-de-yoga-aereo-15-240x300.png 240w, https:\/\/happyyogacolombia.com\/cali\/wp-content\/uploads\/sites\/4\/2023\/03\/Nueva-oferta-clases-de-yoga-aereo-15-768x960.png 768w, https:\/\/happyyogacolombia.com\/cali\/wp-content\/uploads\/sites\/4\/2023\/03\/Nueva-oferta-clases-de-yoga-aereo-15-19x24.png 19w, https:\/\/happyyogacolombia.com\/cali\/wp-content\/uploads\/sites\/4\/2023\/03\/Nueva-oferta-clases-de-yoga-aereo-15-29x36.png 29w, https:\/\/happyyogacolombia.com\/cali\/wp-content\/uploads\/sites\/4\/2023\/03\/Nueva-oferta-clases-de-yoga-aereo-15-38x48.png 38w, https:\/\/happyyogacolombia.com\/cali\/wp-content\/uploads\/sites\/4\/2023\/03\/Nueva-oferta-clases-de-yoga-aereo-15.png 1080w\" sizes=\"auto, (max-width: 819px) 100vw, 819px\" \/><\/figure>\n<\/div>\n\n\n<p><\/p>\n\n\n\n<p><\/p>\n\n\n\n<p><\/p>\n\n\n\n<div class=\"wp-block-cover is-light\"><span aria-hidden=\"true\" class=\"wp-block-cover__background has-background-dim-100 has-background-dim\" style=\"background-color:#f8fbfe\"><\/span><div class=\"wp-block-cover__inner-container is-layout-flow wp-block-cover-is-layout-flow\">\n<div style=\"height:58px\" aria-hidden=\"true\" class=\"wp-block-spacer\"><\/div>\n\n\n\n<div style=\"height:20px\" aria-hidden=\"true\" class=\"wp-block-spacer\"><\/div>\n\n\n\n<div class=\"wp-block-group\"><div class=\"wp-block-group__inner-container is-layout-flow wp-block-group-is-layout-flow\"><\/div><\/div>\n\n\n\n<div style=\"height:20px\" aria-hidden=\"true\" class=\"wp-block-spacer\"><\/div>\n\n\n\n<p class=\"has-text-align-center playfair has-text-color has-huge-font-size\" style=\"color:#4a4a4a\"><strong>Nuestras T\u00e9cnicas<\/strong><\/p>\n\n\n\n<div style=\"height:20px\" aria-hidden=\"true\" class=\"wp-block-spacer\"><\/div>\n\n\n\n<div class=\"wp-block-group columnas\"><div class=\"wp-block-group__inner-container is-layout-flow wp-block-group-is-layout-flow\">\n<div class=\"wp-block-group contorno\"><div class=\"wp-block-group__inner-container is-layout-flow wp-block-group-is-layout-flow\"><div class=\"wp-block-image borderendondo\">\n<figure class=\"aligncenter size-large\"><img decoding=\"async\" src=\"https:\/\/happyyogacolombia.com\/cali\/wp-content\/uploads\/sites\/4\/2023\/03\/DSC_1204-scaled.jpg\" alt=\"\"\/><\/figure>\n<\/div>\n\n\n<p class=\"playfair has-text-color has-medium-font-size\" style=\"color:#60b4b3\"><strong>Kundalini Yoga<\/strong><\/p>\n\n\n\n<p class=\"has-text-color\" style=\"color:#4a4a4a\">El yoga de la consciencia<\/p>\n\n\n\n<div class=\"wp-block-buttons is-horizontal is-content-justification-center is-layout-flex wp-container-core-buttons-is-layout-499968f5 wp-block-buttons-is-layout-flex\">\n<div class=\"wp-block-button is-style-outline is-style-outline--1\"><a class=\"wp-block-button__link has-cyan-bluish-gray-color has-text-color wp-element-button\">Conoce m\u00e1s<\/a><\/div>\n<\/div>\n\n\n\n<p><\/p>\n<\/div><\/div>\n\n\n\n<div class=\"wp-block-group contorno\"><div class=\"wp-block-group__inner-container is-layout-flow wp-block-group-is-layout-flow\"><div class=\"wp-block-image borderendondo\">\n<figure class=\"aligncenter size-large\"><img decoding=\"async\" src=\"https:\/\/happyyogacolombia.com\/cali\/wp-content\/uploads\/sites\/4\/2023\/03\/hatha-yoga-imagen-02.jpeg\" alt=\"\"\/><\/figure>\n<\/div>\n\n\n<p class=\"playfair has-text-color has-medium-font-size\" style=\"color:#e2707c\"><strong>Hatha  Yoga<\/strong><\/p>\n\n\n\n<p class=\"has-text-color\" style=\"color:#4a4a4a\">El yoga de las asanas y vinyasas<\/p>\n\n\n\n<div class=\"wp-block-buttons is-horizontal is-content-justification-center is-layout-flex wp-container-core-buttons-is-layout-499968f5 wp-block-buttons-is-layout-flex\">\n<div class=\"wp-block-button is-style-outline is-style-outline--2\"><a class=\"wp-block-button__link has-cyan-bluish-gray-color has-text-color wp-element-button\">Conoce m\u00e1s<\/a><\/div>\n<\/div>\n\n\n\n<p><\/p>\n<\/div><\/div>\n\n\n\n<div class=\"wp-block-group contorno\"><div class=\"wp-block-group__inner-container is-layout-flow wp-block-group-is-layout-flow\"><div class=\"wp-block-image redondeo\">\n<figure class=\"aligncenter size-large\"><img decoding=\"async\" src=\"https:\/\/happyyogacolombia.com\/cali\/wp-content\/uploads\/sites\/4\/2023\/03\/instructor-de-pilates-1080x675-1.jpeg\" alt=\"\"\/><\/figure>\n<\/div>\n\n\n<p><\/p>\n\n\n\n<p><\/p>\n\n\n\n<p class=\"playfair has-text-color has-medium-font-size\" style=\"color:#5bbd8c\"><strong>Yoga Terap\u00e9utico<\/strong><\/p>\n\n\n\n<p class=\"has-text-color\" style=\"color:#4a4a4a\">El yoga para la sanaci\u00f3n<\/p>\n\n\n\n<div class=\"wp-block-buttons is-horizontal is-content-justification-center is-layout-flex wp-container-core-buttons-is-layout-499968f5 wp-block-buttons-is-layout-flex\">\n<div class=\"wp-block-button is-style-outline is-style-outline--3\"><a class=\"wp-block-button__link has-cyan-bluish-gray-color has-text-color wp-element-button\">Conoce m\u00e1s<\/a><\/div>\n<\/div>\n\n\n\n<p><\/p>\n<\/div><\/div>\n\n\n\n<div class=\"wp-block-group contorno\"><div class=\"wp-block-group__inner-container is-layout-flow wp-block-group-is-layout-flow\"><div class=\"wp-block-image redondeo\">\n<figure class=\"aligncenter size-large\"><img decoding=\"async\" src=\"https:\/\/happyyogacolombia.com\/cali\/wp-content\/uploads\/sites\/4\/2023\/03\/yoga-para-ninos-camino-para-la-concentracion-infantil.jpeg\" alt=\"\"\/><\/figure>\n<\/div>\n\n\n<p><\/p>\n\n\n\n<p class=\"playfair has-luminous-vivid-amber-color has-text-color has-medium-font-size\"><strong>Yoga para ni\u00f1os<\/strong><\/p>\n\n\n\n<p class=\"has-text-color\" style=\"color:#4a4a4a\">Yoga y mindfulness 4-9 a\u00f1os<\/p>\n\n\n\n<div class=\"wp-block-buttons is-horizontal is-content-justification-center is-layout-flex wp-container-core-buttons-is-layout-499968f5 wp-block-buttons-is-layout-flex\">\n<div class=\"wp-block-button is-style-outline is-style-outline--4\"><a class=\"wp-block-button__link has-cyan-bluish-gray-color has-text-color wp-element-button\">Conoce m\u00e1s<\/a><\/div>\n<\/div>\n\n\n\n<p><\/p>\n<\/div><\/div>\n\n\n\n<div class=\"wp-block-group contorno\"><div class=\"wp-block-group__inner-container is-layout-flow wp-block-group-is-layout-flow\"><div class=\"wp-block-image redondeo\">\n<figure class=\"aligncenter size-large\"><img decoding=\"async\" src=\"https:\/\/happyyogacolombia.com\/cali\/wp-content\/uploads\/sites\/4\/2023\/03\/Fotos-Blog-6-large.png\" alt=\"\"\/><\/figure>\n<\/div>\n\n\n<p class=\"playfair has-text-color has-medium-font-size\" style=\"color:#996699\"><strong>Yoga Prenatal<\/strong><\/p>\n\n\n\n<p class=\"has-text-color\" style=\"color:#4a4a4a\">Yoga para embarazadas y lactantes<\/p>\n\n\n\n<p><\/p>\n\n\n\n<div class=\"wp-block-buttons is-horizontal is-content-justification-center is-layout-flex wp-container-core-buttons-is-layout-499968f5 wp-block-buttons-is-layout-flex\">\n<div class=\"wp-block-button is-style-outline is-style-outline--5\"><a class=\"wp-block-button__link has-cyan-bluish-gray-color has-text-color wp-element-button\">Conoce m\u00e1s<\/a><\/div>\n<\/div>\n\n\n\n<p><\/p>\n<\/div><\/div>\n\n\n\n<div class=\"wp-block-group contorno\"><div class=\"wp-block-group__inner-container is-layout-flow wp-block-group-is-layout-flow\"><div class=\"wp-block-image redondeo\">\n<figure class=\"aligncenter size-large\"><img decoding=\"async\" src=\"https:\/\/happyyogacolombia.com\/cali\/wp-content\/uploads\/sites\/4\/2023\/03\/Diseno-sin-titulo-2023-03-23T145313.491.png\" alt=\"\"\/><\/figure>\n<\/div>\n\n\n<p class=\"playfair has-text-color has-medium-font-size\" style=\"color:#6666cc\"><strong>Clases de danza moderna<\/strong><\/p>\n\n\n\n<p class=\"has-text-color\" style=\"color:#4a4a4a\">Mant\u00e9n en movimiento tu cuerpo y alma<\/p>\n\n\n\n<p><\/p>\n<\/div><\/div>\n\n\n\n<p><\/p>\n<\/div><\/div>\n\n\n\n<p><\/p>\n\n\n\n<div class=\"wp-block-buttons is-horizontal is-content-justification-center is-layout-flex wp-container-core-buttons-is-layout-499968f5 wp-block-buttons-is-layout-flex\">\n<div class=\"wp-block-button\"><a class=\"wp-block-button__link wp-element-button\">Call to action<\/a><\/div>\n<\/div>\n\n\n\n<p><\/p>\n\n\n\n<div style=\"height:64px\" aria-hidden=\"true\" class=\"wp-block-spacer\"><\/div>\n<\/div><\/div>\n","protected":false},"excerpt":{"rendered":"<p>Happy Yoga Cali Horario de clases<\/p>\n","protected":false},"author":1,"featured_media":0,"parent":0,"menu_order":0,"comment_status":"closed","ping_status":"closed","template":"","meta":{"_uag_custom_page_level_css":"","pgc_sgb_lightbox_settings":"","footnotes":""},"class_list":["post-9","page","type-page","status-publish","hentry"],"yoast_head":"<!-- This site is optimized with the Yoast SEO plugin v22.3 - https:\/\/yoast.com\/wordpress\/plugins\/seo\/ -->\n<title>P\u00e1gina en construcci\u00f3n - HappyYoga Cali<\/title>\n<meta name=\"robots\" content=\"index, follow, max-snippet:-1, max-image-preview:large, max-video-preview:-1\" \/>\n<link rel=\"canonical\" href=\"https:\/\/happyyogacolombia.com\/cali\/\" \/>\n<meta property=\"og:locale\" content=\"es_ES\" \/>\n<meta property=\"og:type\" content=\"article\" \/>\n<meta property=\"og:title\" content=\"P\u00e1gina en construcci\u00f3n - HappyYoga Cali\" \/>\n<meta property=\"og:description\" content=\"Happy Yoga Cali Horario de clases\" \/>\n<meta property=\"og:url\" content=\"https:\/\/happyyogacolombia.com\/cali\/\" \/>\n<meta property=\"og:site_name\" content=\"HappyYoga Cali\" \/>\n<meta property=\"article:modified_time\" content=\"2023-03-23T19:57:37+00:00\" \/>\n<meta property=\"og:image\" content=\"https:\/\/happyyogacolombia.com\/cali\/wp-content\/uploads\/sites\/4\/2023\/03\/IMG_9827-1024x683.jpg\" \/>\n<meta name=\"twitter:card\" content=\"summary_large_image\" \/>\n<meta name=\"twitter:label1\" content=\"Tiempo de lectura\" \/>\n\t<meta name=\"twitter:data1\" content=\"1 minuto\" \/>\n<script type=\"application\/ld+json\" class=\"yoast-schema-graph\">{\"@context\":\"https:\/\/schema.org\",\"@graph\":[{\"@type\":\"WebPage\",\"@id\":\"https:\/\/happyyogacolombia.com\/cali\/\",\"url\":\"https:\/\/happyyogacolombia.com\/cali\/\",\"name\":\"P\u00e1gina en construcci\u00f3n - HappyYoga Cali\",\"isPartOf\":{\"@id\":\"https:\/\/happyyogacolombia.com\/cali\/#website\"},\"primaryImageOfPage\":{\"@id\":\"https:\/\/happyyogacolombia.com\/cali\/#primaryimage\"},\"image\":{\"@id\":\"https:\/\/happyyogacolombia.com\/cali\/#primaryimage\"},\"thumbnailUrl\":\"https:\/\/happyyogacolombia.com\/cali\/wp-content\/uploads\/sites\/4\/2023\/03\/IMG_9827-1024x683.jpg\",\"datePublished\":\"2021-11-29T20:41:00+00:00\",\"dateModified\":\"2023-03-23T19:57:37+00:00\",\"breadcrumb\":{\"@id\":\"https:\/\/happyyogacolombia.com\/cali\/#breadcrumb\"},\"inLanguage\":\"es\",\"potentialAction\":[{\"@type\":\"ReadAction\",\"target\":[\"https:\/\/happyyogacolombia.com\/cali\/\"]}]},{\"@type\":\"ImageObject\",\"inLanguage\":\"es\",\"@id\":\"https:\/\/happyyogacolombia.com\/cali\/#primaryimage\",\"url\":\"https:\/\/happyyogacolombia.com\/cali\/wp-content\/uploads\/sites\/4\/2023\/03\/IMG_9827-scaled.jpg\",\"contentUrl\":\"https:\/\/happyyogacolombia.com\/cali\/wp-content\/uploads\/sites\/4\/2023\/03\/IMG_9827-scaled.jpg\",\"width\":2560,\"height\":1707},{\"@type\":\"BreadcrumbList\",\"@id\":\"https:\/\/happyyogacolombia.com\/cali\/#breadcrumb\",\"itemListElement\":[{\"@type\":\"ListItem\",\"position\":1,\"name\":\"Portada\",\"item\":\"https:\/\/happyyogacolombia.com\/cali\/\"},{\"@type\":\"ListItem\",\"position\":2,\"name\":\"P\u00e1gina en construcci\u00f3n\"}]},{\"@type\":\"WebSite\",\"@id\":\"https:\/\/happyyogacolombia.com\/cali\/#website\",\"url\":\"https:\/\/happyyogacolombia.com\/cali\/\",\"name\":\"HappyYoga Cali\",\"description\":\"Otro sitio m\u00e1s de Happyyoga sitios\",\"potentialAction\":[{\"@type\":\"SearchAction\",\"target\":{\"@type\":\"EntryPoint\",\"urlTemplate\":\"https:\/\/happyyogacolombia.com\/cali\/?s={search_term_string}\"},\"query-input\":\"required name=search_term_string\"}],\"inLanguage\":\"es\"}]}<\/script>\n<!-- \/ Yoast SEO plugin. -->","yoast_head_json":{"title":"P\u00e1gina en construcci\u00f3n - HappyYoga Cali","robots":{"index":"index","follow":"follow","max-snippet":"max-snippet:-1","max-image-preview":"max-image-preview:large","max-video-preview":"max-video-preview:-1"},"canonical":"https:\/\/happyyogacolombia.com\/cali\/","og_locale":"es_ES","og_type":"article","og_title":"P\u00e1gina en construcci\u00f3n - HappyYoga Cali","og_description":"Happy Yoga Cali Horario de clases","og_url":"https:\/\/happyyogacolombia.com\/cali\/","og_site_name":"HappyYoga Cali","article_modified_time":"2023-03-23T19:57:37+00:00","og_image":[{"url":"https:\/\/happyyogacolombia.com\/cali\/wp-content\/uploads\/sites\/4\/2023\/03\/IMG_9827-1024x683.jpg"}],"twitter_card":"summary_large_image","twitter_misc":{"Tiempo de lectura":"1 minuto"},"schema":{"@context":"https:\/\/schema.org","@graph":[{"@type":"WebPage","@id":"https:\/\/happyyogacolombia.com\/cali\/","url":"https:\/\/happyyogacolombia.com\/cali\/","name":"P\u00e1gina en construcci\u00f3n - HappyYoga Cali","isPartOf":{"@id":"https:\/\/happyyogacolombia.com\/cali\/#website"},"primaryImageOfPage":{"@id":"https:\/\/happyyogacolombia.com\/cali\/#primaryimage"},"image":{"@id":"https:\/\/happyyogacolombia.com\/cali\/#primaryimage"},"thumbnailUrl":"https:\/\/happyyogacolombia.com\/cali\/wp-content\/uploads\/sites\/4\/2023\/03\/IMG_9827-1024x683.jpg","datePublished":"2021-11-29T20:41:00+00:00","dateModified":"2023-03-23T19:57:37+00:00","breadcrumb":{"@id":"https:\/\/happyyogacolombia.com\/cali\/#breadcrumb"},"inLanguage":"es","potentialAction":[{"@type":"ReadAction","target":["https:\/\/happyyogacolombia.com\/cali\/"]}]},{"@type":"ImageObject","inLanguage":"es","@id":"https:\/\/happyyogacolombia.com\/cali\/#primaryimage","url":"https:\/\/happyyogacolombia.com\/cali\/wp-content\/uploads\/sites\/4\/2023\/03\/IMG_9827-scaled.jpg","contentUrl":"https:\/\/happyyogacolombia.com\/cali\/wp-content\/uploads\/sites\/4\/2023\/03\/IMG_9827-scaled.jpg","width":2560,"height":1707},{"@type":"BreadcrumbList","@id":"https:\/\/happyyogacolombia.com\/cali\/#breadcrumb","itemListElement":[{"@type":"ListItem","position":1,"name":"Portada","item":"https:\/\/happyyogacolombia.com\/cali\/"},{"@type":"ListItem","position":2,"name":"P\u00e1gina en construcci\u00f3n"}]},{"@type":"WebSite","@id":"https:\/\/happyyogacolombia.com\/cali\/#website","url":"https:\/\/happyyogacolombia.com\/cali\/","name":"HappyYoga Cali","description":"Otro sitio m\u00e1s de Happyyoga sitios","potentialAction":[{"@type":"SearchAction","target":{"@type":"EntryPoint","urlTemplate":"https:\/\/happyyogacolombia.com\/cali\/?s={search_term_string}"},"query-input":"required name=search_term_string"}],"inLanguage":"es"}]}},"uagb_featured_image_src":{"full":false,"thumbnail":false,"medium":false,"medium_large":false,"large":false,"1536x1536":false,"2048x2048":false,"eventos":false,"blog":false,"hd":false,"cursos":false,"menu-24x24":false,"menu-36x36":false,"menu-48x48":false},"uagb_author_info":{"display_name":"davidfelipe9","author_link":"https:\/\/happyyogacolombia.com\/cali\/author\/davidfelipe9\/"},"uagb_comment_info":0,"uagb_excerpt":"Happy Yoga Cali Horario de clases","_links":{"self":[{"href":"https:\/\/happyyogacolombia.com\/cali\/wp-json\/wp\/v2\/pages\/9","targetHints":{"allow":["GET"]}}],"collection":[{"href":"https:\/\/happyyogacolombia.com\/cali\/wp-json\/wp\/v2\/pages"}],"about":[{"href":"https:\/\/happyyogacolombia.com\/cali\/wp-json\/wp\/v2\/types\/page"}],"author":[{"embeddable":true,"href":"https:\/\/happyyogacolombia.com\/cali\/wp-json\/wp\/v2\/users\/1"}],"replies":[{"embeddable":true,"href":"https:\/\/happyyogacolombia.com\/cali\/wp-json\/wp\/v2\/comments?post=9"}],"version-history":[{"count":5,"href":"https:\/\/happyyogacolombia.com\/cali\/wp-json\/wp\/v2\/pages\/9\/revisions"}],"predecessor-version":[{"id":90,"href":"https:\/\/happyyogacolombia.com\/cali\/wp-json\/wp\/v2\/pages\/9\/revisions\/90"}],"wp:attachment":[{"href":"https:\/\/happyyogacolombia.com\/cali\/wp-json\/wp\/v2\/media?parent=9"}],"curies":[{"name":"wp","href":"https:\/\/api.w.org\/{rel}","templated":true}]}}