{"id":63,"date":"2021-12-01T11:33:45","date_gmt":"2021-12-01T11:33:45","guid":{"rendered":"https:\/\/happyyogacolombia.com\/breathe\/?page_id=63"},"modified":"2022-01-25T21:54:52","modified_gmt":"2022-01-25T21:54:52","slug":"tarifas","status":"publish","type":"page","link":"https:\/\/happyyogacolombia.com\/breathe\/tarifas\/","title":{"rendered":"Tarifas"},"content":{"rendered":"\n<p class=\"has-text-align-center playfair has-text-color\" style=\"color:#4a4a4a;font-size:40px\"><em>Comienza tu camino en yoga<\/em><\/p>\n\n\n\n<div style=\"height:20px\" aria-hidden=\"true\" class=\"wp-block-spacer\"><\/div>\n\n\n\n<section class=\"wp-block-uagb-section uagb-section__wrap uagb-section__background-undefined uagb-block-f279dc31\"><div class=\"uagb-section__overlay\"><\/div><div class=\"uagb-section__inner-wrap\">\n<p>Con la compra de tu tiquetera tienes la opci\u00f3n de una reuni\u00f3n personalizada con Ana Milena para conocernos y saber qu\u00e9 esperas de tu pr\u00e1ctica, que expectativas tienes, y hacer seguimiento a tus avances.<\/p>\n\n\n\n<p>Te invitamos a vivir una experiencia de Clase Online, creando tu propio sitio de pr\u00e1ctica, un rinc\u00f3n especial en tu casa que lo puedas cargar de amor y gran significado energ\u00e9tico. Que sea una excusa para recordar que no estamos solos como este nuevo mundo pretende hacerte creer y recordar que hay otros seres que est\u00e1n detr\u00e1s de tu pantalla acompa\u00f1\u00e1ndote en la pr\u00e1ctica.<\/p>\n<\/div><\/section>\n\n\n\n<div style=\"height:57px\" aria-hidden=\"true\" class=\"wp-block-spacer\"><\/div>\n\n\n\n<div class=\"wp-block-group columnas\"><div class=\"wp-block-group__inner-container is-layout-flow wp-block-group-is-layout-flow\">\n<div class=\"wp-block-group contorno\"><div class=\"wp-block-group__inner-container is-layout-flow wp-block-group-is-layout-flow\">\n<div class=\"wp-block-image\"><figure class=\"aligncenter size-large is-resized\"><img loading=\"lazy\" decoding=\"async\" src=\"https:\/\/happyyogacolombia.com\/wp-content\/uploads\/sites\/2\/2021\/11\/mudra2-15.png\" alt=\"\" class=\"wp-image-425\" width=\"112\" height=\"113\"\/><\/figure><\/div>\n\n\n\n<p class=\"has-text-align-center playfair has-text-color\" style=\"color:#4a4a4a;font-size:25px\"><strong>Tiquetera x 4 clase<\/strong>s<\/p>\n\n\n\n<p class=\"has-text-align-center has-text-color has-medium-font-size\" style=\"color:#7ca38a\">$145.000 COP \/ 38 USD<\/p>\n\n\n\n<p class=\"has-text-align-center has-text-color\" style=\"color:#439e9c;font-size:14px\">Vigencia 1 meses<\/p>\n\n\n\n<ul class=\"wp-block-list\"><li>Vigencia 2 meses.<\/li><li>Valido para clases online.<\/li><li>Puedes compartirla con amigos \/ familiares.<\/li><li>Reuni\u00f3n personalizada para definir objetivos.<\/li><li>\u00a1Incluye grabaci\u00f3n de la clase, rep\u00edtela cuando quieras!<\/li><\/ul>\n\n\n\n<div class=\"wp-block-buttons is-content-justification-center uag-hide-desktop uag-hide-tab uag-hide-mob is-layout-flex wp-block-buttons-is-layout-flex\">\n<div class=\"wp-block-button\"><a class=\"wp-block-button__link\">Comprar<\/a><\/div>\n<\/div>\n\n\n\n<p><\/p>\n<\/div><\/div>\n\n\n\n<div class=\"wp-block-group contorno destacado\"><div class=\"wp-block-group__inner-container is-layout-flow wp-block-group-is-layout-flow\">\n<div class=\"wp-block-image\"><figure class=\"aligncenter size-large is-resized\"><img loading=\"lazy\" decoding=\"async\" src=\"https:\/\/happyyogacolombia.com\/wp-content\/uploads\/sites\/2\/2021\/11\/mudra2-19.png\" alt=\"\" class=\"wp-image-428\" width=\"112\" height=\"113\"\/><\/figure><\/div>\n\n\n\n<p class=\"has-text-align-center playfair has-text-color\" style=\"color:#4a4a4a;font-size:25px\"><strong><strong> <strong>Tiquetera x 8 clase<\/strong>s <\/strong><\/strong><\/p>\n\n\n\n<p class=\"has-text-align-center has-text-color has-medium-font-size\" style=\"color:#7ca38a\">$260.000 COP \/ 66 USD<\/p>\n\n\n\n<p class=\"has-text-align-center has-text-color\" style=\"color:#439e9c;font-size:14px\"><\/p>\n\n\n\n<ul class=\"wp-block-list\"><li>Valido para clases online.<\/li><li>Puedes compartirla con amigos \/ familiares.<\/li><li>Reuni\u00f3n personalizada para definir objetivos.<\/li><li>\u00a1Incluye grabaci\u00f3n de la clase, rep\u00edtela cuando quieras!<\/li><\/ul>\n\n\n\n<div class=\"wp-block-buttons is-content-justification-center uag-hide-desktop uag-hide-tab uag-hide-mob is-layout-flex wp-block-buttons-is-layout-flex\">\n<div class=\"wp-block-button\"><a class=\"wp-block-button__link\">Comprar<\/a><\/div>\n<\/div>\n\n\n\n<p><\/p>\n<\/div><\/div>\n\n\n\n<div class=\"wp-block-group contorno\"><div class=\"wp-block-group__inner-container is-layout-flow wp-block-group-is-layout-flow\">\n<div class=\"wp-block-image\"><figure class=\"aligncenter size-large is-resized\"><img loading=\"lazy\" decoding=\"async\" src=\"https:\/\/happyyogacolombia.com\/wp-content\/uploads\/sites\/2\/2021\/11\/mudra2-16.png\" alt=\"\" class=\"wp-image-429\" width=\"112\" height=\"113\"\/><\/figure><\/div>\n\n\n\n<p class=\"has-text-align-center playfair has-text-color\" style=\"color:#4a4a4a;font-size:25px\"><strong><strong>Tiquetera x 12 clase<\/strong><\/strong>s<\/p>\n\n\n\n<p class=\"has-text-align-center has-text-color has-medium-font-size\" style=\"color:#7ca38a\">$336.000 COP \/ 85 USD<\/p>\n\n\n\n<p class=\"has-text-align-center has-text-color\" style=\"color:#439e9c;font-size:14px\"><\/p>\n\n\n\n<ul class=\"wp-block-list\"><li>Valido para clases online.<\/li><li>Puedes compartirla con amigos \/ familiares.<\/li><li>Reuni\u00f3n personalizada para definir objetivos.<\/li><li>\u00a1Incluye grabaci\u00f3n de la clase, rep\u00edtela cuando quieras!<\/li><\/ul>\n\n\n\n<div class=\"wp-block-buttons is-content-justification-center uag-hide-desktop uag-hide-tab uag-hide-mob is-layout-flex wp-block-buttons-is-layout-flex\">\n<div class=\"wp-block-button\"><a class=\"wp-block-button__link\">Comprar<\/a><\/div>\n<\/div>\n<\/div><\/div>\n\n\n\n<div class=\"wp-block-group contorno\"><div class=\"wp-block-group__inner-container is-layout-flow wp-block-group-is-layout-flow\">\n<div class=\"wp-block-image\"><figure class=\"aligncenter size-large is-resized\"><img loading=\"lazy\" decoding=\"async\" src=\"https:\/\/happyyogacolombia.com\/wp-content\/uploads\/sites\/2\/2021\/11\/mudra2-17.png\" alt=\"\" class=\"wp-image-430\" width=\"112\" height=\"113\"\/><\/figure><\/div>\n\n\n\n<p class=\"has-text-align-center playfair has-text-color\" style=\"color:#4a4a4a;font-size:25px\"><strong>Tiquetera x 20 clase<\/strong>s<\/p>\n\n\n\n<p class=\"has-text-align-center has-text-color has-medium-font-size\" style=\"color:#7ca38a\">$530.000 COP \/ 135 USD<\/p>\n\n\n\n<ul class=\"wp-block-list\"><li>Valido para clases online.<\/li><li>Puedes compartirla con amigos \/ familiares.<\/li><li>Reuni\u00f3n personalizada para definir objetivos.<\/li><li>\u00a1Incluye grabaci\u00f3n de la clase, rep\u00edtela cuando quieras!<\/li><\/ul>\n\n\n\n<div class=\"wp-block-buttons is-content-justification-center uag-hide-desktop uag-hide-tab uag-hide-mob is-layout-flex wp-block-buttons-is-layout-flex\">\n<div class=\"wp-block-button\"><a class=\"wp-block-button__link\">Comprar<\/a><\/div>\n<\/div>\n\n\n\n<p><\/p>\n<\/div><\/div>\n\n\n\n<div style=\"height:20px\" aria-hidden=\"true\" class=\"wp-block-spacer\"><\/div>\n<\/div><\/div>\n","protected":false},"excerpt":{"rendered":"<p>Comienza tu camino en yoga Tiquetera x 4 clases $145.000 COP \/ 38 USD Vigencia 1 meses Vigencia 2 meses. Valido para clases online. Puedes compartirla con amigos \/ familiares. Reuni\u00f3n personalizada para definir objetivos. \u00a1Incluye grabaci\u00f3n de la clase, rep\u00edtela cuando quieras! Tiquetera x 8 clases $260.000 COP \/ 66 USD Valido para clases [&hellip;]<\/p>\n","protected":false},"author":1,"featured_media":212,"parent":0,"menu_order":0,"comment_status":"closed","ping_status":"closed","template":"","meta":{"_uag_custom_page_level_css":"","pgc_sgb_lightbox_settings":"","footnotes":""},"class_list":["post-63","page","type-page","status-publish","has-post-thumbnail","hentry"],"yoast_head":"<!-- This site is optimized with the Yoast SEO plugin v22.3 - https:\/\/yoast.com\/wordpress\/plugins\/seo\/ -->\n<title>Tarifas - HappyYoga Breathe<\/title>\n<meta name=\"robots\" content=\"index, follow, max-snippet:-1, max-image-preview:large, max-video-preview:-1\" \/>\n<link rel=\"canonical\" href=\"https:\/\/happyyogacolombia.com\/breathe\/tarifas\/\" \/>\n<meta property=\"og:locale\" content=\"es_ES\" \/>\n<meta property=\"og:type\" content=\"article\" \/>\n<meta property=\"og:title\" content=\"Tarifas - HappyYoga Breathe\" \/>\n<meta property=\"og:description\" content=\"Comienza tu camino en yoga Tiquetera x 4 clases $145.000 COP \/ 38 USD Vigencia 1 meses Vigencia 2 meses. Valido para clases online. Puedes compartirla con amigos \/ familiares. Reuni\u00f3n personalizada para definir objetivos. \u00a1Incluye grabaci\u00f3n de la clase, rep\u00edtela cuando quieras! Tiquetera x 8 clases $260.000 COP \/ 66 USD Valido para clases [&hellip;]\" \/>\n<meta property=\"og:url\" content=\"https:\/\/happyyogacolombia.com\/breathe\/tarifas\/\" \/>\n<meta property=\"og:site_name\" content=\"HappyYoga Breathe\" \/>\n<meta property=\"article:modified_time\" content=\"2022-01-25T21:54:52+00:00\" \/>\n<meta property=\"og:image\" content=\"https:\/\/happyyogacolombia.com\/breathe\/wp-content\/uploads\/sites\/7\/2022\/01\/2628b563-0e10-442b-bf18-77fe12a4839c.jpeg\" \/>\n\t<meta property=\"og:image:width\" content=\"1200\" \/>\n\t<meta property=\"og:image:height\" content=\"1600\" \/>\n\t<meta property=\"og:image:type\" content=\"image\/jpeg\" \/>\n<meta name=\"twitter:card\" content=\"summary_large_image\" \/>\n<meta name=\"twitter:label1\" content=\"Tiempo de lectura\" \/>\n\t<meta name=\"twitter:data1\" content=\"1 minuto\" \/>\n<script type=\"application\/ld+json\" class=\"yoast-schema-graph\">{\"@context\":\"https:\/\/schema.org\",\"@graph\":[{\"@type\":\"WebPage\",\"@id\":\"https:\/\/happyyogacolombia.com\/breathe\/tarifas\/\",\"url\":\"https:\/\/happyyogacolombia.com\/breathe\/tarifas\/\",\"name\":\"Tarifas - HappyYoga Breathe\",\"isPartOf\":{\"@id\":\"https:\/\/happyyogacolombia.com\/breathe\/#website\"},\"primaryImageOfPage\":{\"@id\":\"https:\/\/happyyogacolombia.com\/breathe\/tarifas\/#primaryimage\"},\"image\":{\"@id\":\"https:\/\/happyyogacolombia.com\/breathe\/tarifas\/#primaryimage\"},\"thumbnailUrl\":\"https:\/\/happyyogacolombia.com\/breathe\/wp-content\/uploads\/sites\/7\/2022\/01\/2628b563-0e10-442b-bf18-77fe12a4839c.jpeg\",\"datePublished\":\"2021-12-01T11:33:45+00:00\",\"dateModified\":\"2022-01-25T21:54:52+00:00\",\"breadcrumb\":{\"@id\":\"https:\/\/happyyogacolombia.com\/breathe\/tarifas\/#breadcrumb\"},\"inLanguage\":\"es\",\"potentialAction\":[{\"@type\":\"ReadAction\",\"target\":[\"https:\/\/happyyogacolombia.com\/breathe\/tarifas\/\"]}]},{\"@type\":\"ImageObject\",\"inLanguage\":\"es\",\"@id\":\"https:\/\/happyyogacolombia.com\/breathe\/tarifas\/#primaryimage\",\"url\":\"https:\/\/happyyogacolombia.com\/breathe\/wp-content\/uploads\/sites\/7\/2022\/01\/2628b563-0e10-442b-bf18-77fe12a4839c.jpeg\",\"contentUrl\":\"https:\/\/happyyogacolombia.com\/breathe\/wp-content\/uploads\/sites\/7\/2022\/01\/2628b563-0e10-442b-bf18-77fe12a4839c.jpeg\",\"width\":1200,\"height\":1600},{\"@type\":\"BreadcrumbList\",\"@id\":\"https:\/\/happyyogacolombia.com\/breathe\/tarifas\/#breadcrumb\",\"itemListElement\":[{\"@type\":\"ListItem\",\"position\":1,\"name\":\"Portada\",\"item\":\"https:\/\/happyyogacolombia.com\/breathe\/\"},{\"@type\":\"ListItem\",\"position\":2,\"name\":\"Tarifas\"}]},{\"@type\":\"WebSite\",\"@id\":\"https:\/\/happyyogacolombia.com\/breathe\/#website\",\"url\":\"https:\/\/happyyogacolombia.com\/breathe\/\",\"name\":\"HappyYoga Breathe\",\"description\":\"Otro sitio m\u00e1s de Happyyoga sitios\",\"potentialAction\":[{\"@type\":\"SearchAction\",\"target\":{\"@type\":\"EntryPoint\",\"urlTemplate\":\"https:\/\/happyyogacolombia.com\/breathe\/?s={search_term_string}\"},\"query-input\":\"required name=search_term_string\"}],\"inLanguage\":\"es\"}]}<\/script>\n<!-- \/ Yoast SEO plugin. -->","yoast_head_json":{"title":"Tarifas - HappyYoga Breathe","robots":{"index":"index","follow":"follow","max-snippet":"max-snippet:-1","max-image-preview":"max-image-preview:large","max-video-preview":"max-video-preview:-1"},"canonical":"https:\/\/happyyogacolombia.com\/breathe\/tarifas\/","og_locale":"es_ES","og_type":"article","og_title":"Tarifas - HappyYoga Breathe","og_description":"Comienza tu camino en yoga Tiquetera x 4 clases $145.000 COP \/ 38 USD Vigencia 1 meses Vigencia 2 meses. Valido para clases online. Puedes compartirla con amigos \/ familiares. Reuni\u00f3n personalizada para definir objetivos. \u00a1Incluye grabaci\u00f3n de la clase, rep\u00edtela cuando quieras! Tiquetera x 8 clases $260.000 COP \/ 66 USD Valido para clases [&hellip;]","og_url":"https:\/\/happyyogacolombia.com\/breathe\/tarifas\/","og_site_name":"HappyYoga Breathe","article_modified_time":"2022-01-25T21:54:52+00:00","og_image":[{"width":1200,"height":1600,"url":"https:\/\/happyyogacolombia.com\/breathe\/wp-content\/uploads\/sites\/7\/2022\/01\/2628b563-0e10-442b-bf18-77fe12a4839c.jpeg","type":"image\/jpeg"}],"twitter_card":"summary_large_image","twitter_misc":{"Tiempo de lectura":"1 minuto"},"schema":{"@context":"https:\/\/schema.org","@graph":[{"@type":"WebPage","@id":"https:\/\/happyyogacolombia.com\/breathe\/tarifas\/","url":"https:\/\/happyyogacolombia.com\/breathe\/tarifas\/","name":"Tarifas - HappyYoga Breathe","isPartOf":{"@id":"https:\/\/happyyogacolombia.com\/breathe\/#website"},"primaryImageOfPage":{"@id":"https:\/\/happyyogacolombia.com\/breathe\/tarifas\/#primaryimage"},"image":{"@id":"https:\/\/happyyogacolombia.com\/breathe\/tarifas\/#primaryimage"},"thumbnailUrl":"https:\/\/happyyogacolombia.com\/breathe\/wp-content\/uploads\/sites\/7\/2022\/01\/2628b563-0e10-442b-bf18-77fe12a4839c.jpeg","datePublished":"2021-12-01T11:33:45+00:00","dateModified":"2022-01-25T21:54:52+00:00","breadcrumb":{"@id":"https:\/\/happyyogacolombia.com\/breathe\/tarifas\/#breadcrumb"},"inLanguage":"es","potentialAction":[{"@type":"ReadAction","target":["https:\/\/happyyogacolombia.com\/breathe\/tarifas\/"]}]},{"@type":"ImageObject","inLanguage":"es","@id":"https:\/\/happyyogacolombia.com\/breathe\/tarifas\/#primaryimage","url":"https:\/\/happyyogacolombia.com\/breathe\/wp-content\/uploads\/sites\/7\/2022\/01\/2628b563-0e10-442b-bf18-77fe12a4839c.jpeg","contentUrl":"https:\/\/happyyogacolombia.com\/breathe\/wp-content\/uploads\/sites\/7\/2022\/01\/2628b563-0e10-442b-bf18-77fe12a4839c.jpeg","width":1200,"height":1600},{"@type":"BreadcrumbList","@id":"https:\/\/happyyogacolombia.com\/breathe\/tarifas\/#breadcrumb","itemListElement":[{"@type":"ListItem","position":1,"name":"Portada","item":"https:\/\/happyyogacolombia.com\/breathe\/"},{"@type":"ListItem","position":2,"name":"Tarifas"}]},{"@type":"WebSite","@id":"https:\/\/happyyogacolombia.com\/breathe\/#website","url":"https:\/\/happyyogacolombia.com\/breathe\/","name":"HappyYoga Breathe","description":"Otro sitio m\u00e1s de Happyyoga sitios","potentialAction":[{"@type":"SearchAction","target":{"@type":"EntryPoint","urlTemplate":"https:\/\/happyyogacolombia.com\/breathe\/?s={search_term_string}"},"query-input":"required name=search_term_string"}],"inLanguage":"es"}]}},"uagb_featured_image_src":{"full":["https:\/\/happyyogacolombia.com\/breathe\/wp-content\/uploads\/sites\/7\/2022\/01\/2628b563-0e10-442b-bf18-77fe12a4839c.jpeg",1200,1600,false],"thumbnail":["https:\/\/happyyogacolombia.com\/breathe\/wp-content\/uploads\/sites\/7\/2022\/01\/2628b563-0e10-442b-bf18-77fe12a4839c-150x150.jpeg",150,150,true],"medium":["https:\/\/happyyogacolombia.com\/breathe\/wp-content\/uploads\/sites\/7\/2022\/01\/2628b563-0e10-442b-bf18-77fe12a4839c-225x300.jpeg",225,300,true],"medium_large":["https:\/\/happyyogacolombia.com\/breathe\/wp-content\/uploads\/sites\/7\/2022\/01\/2628b563-0e10-442b-bf18-77fe12a4839c-768x1024.jpeg",768,1024,true],"large":["https:\/\/happyyogacolombia.com\/breathe\/wp-content\/uploads\/sites\/7\/2022\/01\/2628b563-0e10-442b-bf18-77fe12a4839c-768x1024.jpeg",768,1024,true],"1536x1536":["https:\/\/happyyogacolombia.com\/breathe\/wp-content\/uploads\/sites\/7\/2022\/01\/2628b563-0e10-442b-bf18-77fe12a4839c-1152x1536.jpeg",1152,1536,true],"2048x2048":["https:\/\/happyyogacolombia.com\/breathe\/wp-content\/uploads\/sites\/7\/2022\/01\/2628b563-0e10-442b-bf18-77fe12a4839c.jpeg",1200,1600,false],"eventos":["https:\/\/happyyogacolombia.com\/breathe\/wp-content\/uploads\/sites\/7\/2022\/01\/2628b563-0e10-442b-bf18-77fe12a4839c-320x170.jpeg",320,170,true],"blog":["https:\/\/happyyogacolombia.com\/breathe\/wp-content\/uploads\/sites\/7\/2022\/01\/2628b563-0e10-442b-bf18-77fe12a4839c-329x185.jpeg",329,185,true],"hd":["https:\/\/happyyogacolombia.com\/breathe\/wp-content\/uploads\/sites\/7\/2022\/01\/2628b563-0e10-442b-bf18-77fe12a4839c-1200x1080.jpeg",1200,1080,true],"cursos":["https:\/\/happyyogacolombia.com\/breathe\/wp-content\/uploads\/sites\/7\/2022\/01\/2628b563-0e10-442b-bf18-77fe12a4839c-500x281.jpeg",500,281,true],"menu-24x24":["https:\/\/happyyogacolombia.com\/breathe\/wp-content\/uploads\/sites\/7\/2022\/01\/2628b563-0e10-442b-bf18-77fe12a4839c-18x24.jpeg",18,24,true],"menu-36x36":["https:\/\/happyyogacolombia.com\/breathe\/wp-content\/uploads\/sites\/7\/2022\/01\/2628b563-0e10-442b-bf18-77fe12a4839c-27x36.jpeg",27,36,true],"menu-48x48":["https:\/\/happyyogacolombia.com\/breathe\/wp-content\/uploads\/sites\/7\/2022\/01\/2628b563-0e10-442b-bf18-77fe12a4839c-36x48.jpeg",36,48,true]},"uagb_author_info":{"display_name":"davidfelipe9","author_link":"https:\/\/happyyogacolombia.com\/breathe\/author\/davidfelipe9\/"},"uagb_comment_info":0,"uagb_excerpt":"Comienza tu camino en yoga Tiquetera x 4 clases $145.000 COP \/ 38 USD Vigencia 1 meses Vigencia 2 meses. Valido para clases online. Puedes compartirla con amigos \/ familiares. Reuni\u00f3n personalizada para definir objetivos. \u00a1Incluye grabaci\u00f3n de la clase, rep\u00edtela cuando quieras! Tiquetera x 8 clases $260.000 COP \/ 66 USD Valido para clases&hellip;","_links":{"self":[{"href":"https:\/\/happyyogacolombia.com\/breathe\/wp-json\/wp\/v2\/pages\/63","targetHints":{"allow":["GET"]}}],"collection":[{"href":"https:\/\/happyyogacolombia.com\/breathe\/wp-json\/wp\/v2\/pages"}],"about":[{"href":"https:\/\/happyyogacolombia.com\/breathe\/wp-json\/wp\/v2\/types\/page"}],"author":[{"embeddable":true,"href":"https:\/\/happyyogacolombia.com\/breathe\/wp-json\/wp\/v2\/users\/1"}],"replies":[{"embeddable":true,"href":"https:\/\/happyyogacolombia.com\/breathe\/wp-json\/wp\/v2\/comments?post=63"}],"version-history":[{"count":4,"href":"https:\/\/happyyogacolombia.com\/breathe\/wp-json\/wp\/v2\/pages\/63\/revisions"}],"predecessor-version":[{"id":270,"href":"https:\/\/happyyogacolombia.com\/breathe\/wp-json\/wp\/v2\/pages\/63\/revisions\/270"}],"wp:featuredmedia":[{"embeddable":true,"href":"https:\/\/happyyogacolombia.com\/breathe\/wp-json\/wp\/v2\/media\/212"}],"wp:attachment":[{"href":"https:\/\/happyyogacolombia.com\/breathe\/wp-json\/wp\/v2\/media?parent=63"}],"curies":[{"name":"wp","href":"https:\/\/api.w.org\/{rel}","templated":true}]}}