{"id":425,"date":"2022-02-24T20:55:50","date_gmt":"2022-02-24T20:55:50","guid":{"rendered":"https:\/\/happyyogacolombia.com\/breathe\/?page_id=425"},"modified":"2022-02-24T21:23:44","modified_gmt":"2022-02-24T21:23:44","slug":"guru-ram-das","status":"publish","type":"page","link":"https:\/\/happyyogacolombia.com\/breathe\/guru-ram-das\/","title":{"rendered":"Gur\u00fa Ram Das"},"content":{"rendered":"\n<div class=\"wp-block-group\"><div class=\"wp-block-group__inner-container is-layout-flow wp-block-group-is-layout-flow\">\n<p>Gur\u00fa Ram Das (1534-1581) Gur\u00fa Ram Das es el cuarto Gur\u00fa Sikh. <\/p>\n\n\n\n<p>Naci\u00f3 en Lahore, Pakist\u00e1n. Su nombre era Jetha, el primog\u00e9nito. El nombre de su padre era Hardas Ji Sodhi y su madre era Mata Daya Ji. Se cas\u00f3 con la hija de Gur\u00fa Amar Das, Bibi Bhani Ji. Al igual que los anteriores Gur\u00fas Sikh, Gur\u00fa Ram Das recibi\u00f3 el Shabad y cant\u00f3 canciones sobre la naturaleza de lo Divino y su experiencia de \u00e9xtasis, amor y a\u00f1oranza. <\/p>\n<\/div><\/div>\n\n\n\n<div class=\"wp-block-columns is-layout-flex wp-container-core-columns-is-layout-9d6595d7 wp-block-columns-is-layout-flex\">\n<div class=\"wp-block-column is-layout-flow wp-block-column-is-layout-flow\">\n<figure class=\"wp-block-embed is-type-video is-provider-youtube wp-block-embed-youtube wp-embed-aspect-16-9 wp-has-aspect-ratio\"><div class=\"wp-block-embed__wrapper\">\n<iframe loading=\"lazy\" title=\"Mantra for Compassion and Healing - Guru Ram Das Chant by Mirabai Ceiba\" width=\"500\" height=\"281\" src=\"https:\/\/www.youtube.com\/embed\/LbQ4zHxhoSI?feature=oembed\" frameborder=\"0\" allow=\"accelerometer; autoplay; clipboard-write; encrypted-media; gyroscope; picture-in-picture; web-share\" referrerpolicy=\"strict-origin-when-cross-origin\" allowfullscreen><\/iframe>\n<\/div><\/figure>\n<\/div>\n\n\n\n<div class=\"wp-block-column is-layout-flow wp-block-column-is-layout-flow\">\n<p class=\"has-text-align-left has-large-font-size\">Sus shabads (cantos) son muy apasionados, llenos de sentimiento. Entre sus composiciones se encuentra <strong>el Lavaan<\/strong>, la ceremonia de boda Sikh, q<em>ue compuso el d\u00eda de su propia boda con Bibi Bhani. <\/em><\/p>\n<\/div>\n<\/div>\n\n\n\n<div class=\"wp-block-group\"><div class=\"wp-block-group__inner-container is-layout-flow wp-block-group-is-layout-flow\">\n<div class=\"wp-block-columns is-layout-flex wp-container-core-columns-is-layout-9d6595d7 wp-block-columns-is-layout-flex\">\n<div class=\"wp-block-column is-layout-flow wp-block-column-is-layout-flow\"><\/div>\n\n\n\n<div class=\"wp-block-column is-layout-flow wp-block-column-is-layout-flow\"><\/div>\n<\/div>\n\n\n\n<div class=\"wp-block-media-text alignwide has-media-on-the-right is-stacked-on-mobile\"><figure class=\"wp-block-media-text__media\"><img loading=\"lazy\" decoding=\"async\" width=\"1024\" height=\"538\" src=\"https:\/\/happyyogacolombia.com\/breathe\/wp-content\/uploads\/sites\/7\/2022\/02\/DR_110826_9991-Edit-1024x538.jpg\" alt=\"\" class=\"wp-image-427 size-full\" srcset=\"https:\/\/happyyogacolombia.com\/breathe\/wp-content\/uploads\/sites\/7\/2022\/02\/DR_110826_9991-Edit-1024x538.jpg 1024w, https:\/\/happyyogacolombia.com\/breathe\/wp-content\/uploads\/sites\/7\/2022\/02\/DR_110826_9991-Edit-300x158.jpg 300w, https:\/\/happyyogacolombia.com\/breathe\/wp-content\/uploads\/sites\/7\/2022\/02\/DR_110826_9991-Edit-768x403.jpg 768w, https:\/\/happyyogacolombia.com\/breathe\/wp-content\/uploads\/sites\/7\/2022\/02\/DR_110826_9991-Edit-24x13.jpg 24w, https:\/\/happyyogacolombia.com\/breathe\/wp-content\/uploads\/sites\/7\/2022\/02\/DR_110826_9991-Edit-36x19.jpg 36w, https:\/\/happyyogacolombia.com\/breathe\/wp-content\/uploads\/sites\/7\/2022\/02\/DR_110826_9991-Edit-48x25.jpg 48w, https:\/\/happyyogacolombia.com\/breathe\/wp-content\/uploads\/sites\/7\/2022\/02\/DR_110826_9991-Edit.jpg 1200w\" sizes=\"auto, (max-width: 1024px) 100vw, 1024px\" \/><\/figure><div class=\"wp-block-media-text__content\">\n<p>Gur\u00fa Ram Das fund\u00f3 la ciudad de Amritsar y comenz\u00f3 el proceso de construcci\u00f3n del Harimandir Sahib (Templo Dorado), que es el Gurdwara m\u00e1s representativo para los Sikhs de todo el mundo. Emprendi\u00f3 la excavaci\u00f3n del estanque de agua que rodea el ahora llamado Templo dorado. El agua de este Sarovar llamado Amrit sarovar es legendaria por sus poderes curativos milagrosos y le dio posteriormente el nombre de Amritsar a la ciudad. Dise\u00f1\u00f3 el Gurdwara para que tuviera cuatro puertas, una a cada lado del edificio, lo que significa que estaba abierto a personas de todas las castas, idiomas y religiones. Gur\u00fa Ram Das tambi\u00e9n alent\u00f3 a las personas a iniciar sus peque\u00f1as empresas. Ayud\u00f3 a establecer Amritsar como el centro religioso de los sikhs. Durante su administraci\u00f3n florecieron all\u00ed el comercio y las artes. Cultiv\u00f3 y dio el ejemplo del estilo de vida centrado en la devoci\u00f3n al <strong>Uno<\/strong>, en palabra y en acci\u00f3n.<\/p>\n<\/div><\/div>\n\n\n\n<p><\/p>\n\n\n\n<div style=\"height:50px\" aria-hidden=\"true\" class=\"wp-block-spacer\"><\/div>\n\n\n\n<p>\u00a0Hay muchas an\u00e9cdotas acerca de su humildad, paciencia y sencillez, por ejemplo, cuando fue visitado por Baba Siri Chand, el hijo de Gur\u00fa Naanak, iniciador de la secta Udasi (que, si bien son monjes, en lo dem\u00e1s segu\u00edan las ense\u00f1anzas de Gur\u00fa Naanak) Dicen los Sakhis que cuando Baba Sri Chand vio a Gur\u00fa Ramdas Ji, se sorprendi\u00f3 porque vio a su padre Gur\u00fa Nanak en Gur\u00fa Ramdas ji. Proclam\u00f3 \u00a1eres la imagen de mi padre! tienes la luz de mi padre\u00a1, pero tu barba es mucho m\u00e1s larga! \u00bfPor qu\u00e9? Gur\u00fa Ramdas ji respondi\u00f3: -mi barba es tan larga para poder limpiar los pies de los santos como t\u00fa y \u00e9l se inclin\u00f3 para frotar los pies de Sri Chand. Esto sorprendi\u00f3 a Sri Chand ji, quien salt\u00f3 hacia atr\u00e1s y dijo que incluso despu\u00e9s de tantos a\u00f1os de tapas (austeridades) y ejercicios l\u00f3gicos que le hab\u00edan dado gran poder, no hab\u00eda sido capaz de lograr esta gracia y humildad. Nunca hab\u00eda visto tanta humildad. Todo su resentimiento hacia los Gur\u00fas por no haber sido elegido Gur\u00fa por su padre en ese momento se esfum\u00f3. -ahora entiendo porque eres el Gur\u00fa. He vivido como un yogi 90 a\u00f1os, pero t\u00fa eres el rey del yoga.<\/p>\n\n\n\n<p>El cuarto gur\u00fa sikh, quien sella el futuro y el linaje del trono real de Raj Yoga (Camino Real), el cual se manifiesta mediante los cuerpos sutil y radiante del cuarto Gur\u00fa.<\/p>\n\n\n\n<p>As\u00ed, Kundalini Yoga, como un Raj Yoga, fue tra\u00eddo a la casa de Gur\u00fa Ram Das y fue te\u00f1ido por la conciencia sikh, lo cual hizo disponibles ciertos valores a aqu\u00e9llos quienes ense\u00f1an y estudian Kundalini Yoga.<\/p>\n\n\n\n<p>La \u00abCasa\u00bb o \u201clinaje en el que est\u00e1s, determina los principios que te sostienen, contienen y se aplican a ti.<\/p>\n\n\n\n<p>El camino de Kundalini Yoga es sostenido por la casa de Gur\u00fa Ram Das y \u00e9l se sienta en ese trono\u201d<\/p>\n<\/div><\/div>\n","protected":false},"excerpt":{"rendered":"<p>Gur\u00fa Ram Das (1534-1581) Gur\u00fa Ram Das es el cuarto Gur\u00fa Sikh. Naci\u00f3 en Lahore, Pakist\u00e1n. Su nombre era Jetha, el primog\u00e9nito. El nombre de su padre era Hardas Ji Sodhi y su madre era Mata Daya Ji. Se cas\u00f3 con la hija de Gur\u00fa Amar Das, Bibi Bhani Ji. Al igual que los anteriores [&hellip;]<\/p>\n","protected":false},"author":1,"featured_media":432,"parent":0,"menu_order":0,"comment_status":"closed","ping_status":"closed","template":"","meta":{"_uag_custom_page_level_css":"","pgc_sgb_lightbox_settings":"","footnotes":""},"class_list":["post-425","page","type-page","status-publish","has-post-thumbnail","hentry"],"yoast_head":"<!-- This site is optimized with the Yoast SEO plugin v22.3 - https:\/\/yoast.com\/wordpress\/plugins\/seo\/ -->\n<title>Gur\u00fa Ram Das - HappyYoga Breathe<\/title>\n<meta name=\"robots\" content=\"index, follow, max-snippet:-1, max-image-preview:large, max-video-preview:-1\" \/>\n<link rel=\"canonical\" href=\"https:\/\/happyyogacolombia.com\/breathe\/guru-ram-das\/\" \/>\n<meta property=\"og:locale\" content=\"es_ES\" \/>\n<meta property=\"og:type\" content=\"article\" \/>\n<meta property=\"og:title\" content=\"Gur\u00fa Ram Das - HappyYoga Breathe\" \/>\n<meta property=\"og:description\" content=\"Gur\u00fa Ram Das (1534-1581) Gur\u00fa Ram Das es el cuarto Gur\u00fa Sikh. Naci\u00f3 en Lahore, Pakist\u00e1n. Su nombre era Jetha, el primog\u00e9nito. El nombre de su padre era Hardas Ji Sodhi y su madre era Mata Daya Ji. Se cas\u00f3 con la hija de Gur\u00fa Amar Das, Bibi Bhani Ji. Al igual que los anteriores [&hellip;]\" \/>\n<meta property=\"og:url\" content=\"https:\/\/happyyogacolombia.com\/breathe\/guru-ram-das\/\" \/>\n<meta property=\"og:site_name\" content=\"HappyYoga Breathe\" \/>\n<meta property=\"article:modified_time\" content=\"2022-02-24T21:23:44+00:00\" \/>\n<meta property=\"og:image\" content=\"https:\/\/happyyogacolombia.com\/breathe\/wp-content\/uploads\/sites\/7\/2022\/02\/Guru.png\" \/>\n\t<meta property=\"og:image:width\" content=\"1640\" \/>\n\t<meta property=\"og:image:height\" content=\"450\" \/>\n\t<meta property=\"og:image:type\" content=\"image\/png\" \/>\n<meta name=\"twitter:card\" content=\"summary_large_image\" \/>\n<meta name=\"twitter:label1\" content=\"Tiempo de lectura\" \/>\n\t<meta name=\"twitter:data1\" content=\"3 minutos\" \/>\n<script type=\"application\/ld+json\" class=\"yoast-schema-graph\">{\"@context\":\"https:\/\/schema.org\",\"@graph\":[{\"@type\":\"WebPage\",\"@id\":\"https:\/\/happyyogacolombia.com\/breathe\/guru-ram-das\/\",\"url\":\"https:\/\/happyyogacolombia.com\/breathe\/guru-ram-das\/\",\"name\":\"Gur\u00fa Ram Das - HappyYoga Breathe\",\"isPartOf\":{\"@id\":\"https:\/\/happyyogacolombia.com\/breathe\/#website\"},\"primaryImageOfPage\":{\"@id\":\"https:\/\/happyyogacolombia.com\/breathe\/guru-ram-das\/#primaryimage\"},\"image\":{\"@id\":\"https:\/\/happyyogacolombia.com\/breathe\/guru-ram-das\/#primaryimage\"},\"thumbnailUrl\":\"https:\/\/happyyogacolombia.com\/breathe\/wp-content\/uploads\/sites\/7\/2022\/02\/Guru.png\",\"datePublished\":\"2022-02-24T20:55:50+00:00\",\"dateModified\":\"2022-02-24T21:23:44+00:00\",\"breadcrumb\":{\"@id\":\"https:\/\/happyyogacolombia.com\/breathe\/guru-ram-das\/#breadcrumb\"},\"inLanguage\":\"es\",\"potentialAction\":[{\"@type\":\"ReadAction\",\"target\":[\"https:\/\/happyyogacolombia.com\/breathe\/guru-ram-das\/\"]}]},{\"@type\":\"ImageObject\",\"inLanguage\":\"es\",\"@id\":\"https:\/\/happyyogacolombia.com\/breathe\/guru-ram-das\/#primaryimage\",\"url\":\"https:\/\/happyyogacolombia.com\/breathe\/wp-content\/uploads\/sites\/7\/2022\/02\/Guru.png\",\"contentUrl\":\"https:\/\/happyyogacolombia.com\/breathe\/wp-content\/uploads\/sites\/7\/2022\/02\/Guru.png\",\"width\":1640,\"height\":450},{\"@type\":\"BreadcrumbList\",\"@id\":\"https:\/\/happyyogacolombia.com\/breathe\/guru-ram-das\/#breadcrumb\",\"itemListElement\":[{\"@type\":\"ListItem\",\"position\":1,\"name\":\"Portada\",\"item\":\"https:\/\/happyyogacolombia.com\/breathe\/\"},{\"@type\":\"ListItem\",\"position\":2,\"name\":\"Gur\u00fa Ram Das\"}]},{\"@type\":\"WebSite\",\"@id\":\"https:\/\/happyyogacolombia.com\/breathe\/#website\",\"url\":\"https:\/\/happyyogacolombia.com\/breathe\/\",\"name\":\"HappyYoga Breathe\",\"description\":\"Otro sitio m\u00e1s de Happyyoga sitios\",\"potentialAction\":[{\"@type\":\"SearchAction\",\"target\":{\"@type\":\"EntryPoint\",\"urlTemplate\":\"https:\/\/happyyogacolombia.com\/breathe\/?s={search_term_string}\"},\"query-input\":\"required name=search_term_string\"}],\"inLanguage\":\"es\"}]}<\/script>\n<!-- \/ Yoast SEO plugin. -->","yoast_head_json":{"title":"Gur\u00fa Ram Das - HappyYoga Breathe","robots":{"index":"index","follow":"follow","max-snippet":"max-snippet:-1","max-image-preview":"max-image-preview:large","max-video-preview":"max-video-preview:-1"},"canonical":"https:\/\/happyyogacolombia.com\/breathe\/guru-ram-das\/","og_locale":"es_ES","og_type":"article","og_title":"Gur\u00fa Ram Das - HappyYoga Breathe","og_description":"Gur\u00fa Ram Das (1534-1581) Gur\u00fa Ram Das es el cuarto Gur\u00fa Sikh. Naci\u00f3 en Lahore, Pakist\u00e1n. Su nombre era Jetha, el primog\u00e9nito. El nombre de su padre era Hardas Ji Sodhi y su madre era Mata Daya Ji. Se cas\u00f3 con la hija de Gur\u00fa Amar Das, Bibi Bhani Ji. Al igual que los anteriores [&hellip;]","og_url":"https:\/\/happyyogacolombia.com\/breathe\/guru-ram-das\/","og_site_name":"HappyYoga Breathe","article_modified_time":"2022-02-24T21:23:44+00:00","og_image":[{"width":1640,"height":450,"url":"https:\/\/happyyogacolombia.com\/breathe\/wp-content\/uploads\/sites\/7\/2022\/02\/Guru.png","type":"image\/png"}],"twitter_card":"summary_large_image","twitter_misc":{"Tiempo de lectura":"3 minutos"},"schema":{"@context":"https:\/\/schema.org","@graph":[{"@type":"WebPage","@id":"https:\/\/happyyogacolombia.com\/breathe\/guru-ram-das\/","url":"https:\/\/happyyogacolombia.com\/breathe\/guru-ram-das\/","name":"Gur\u00fa Ram Das - HappyYoga Breathe","isPartOf":{"@id":"https:\/\/happyyogacolombia.com\/breathe\/#website"},"primaryImageOfPage":{"@id":"https:\/\/happyyogacolombia.com\/breathe\/guru-ram-das\/#primaryimage"},"image":{"@id":"https:\/\/happyyogacolombia.com\/breathe\/guru-ram-das\/#primaryimage"},"thumbnailUrl":"https:\/\/happyyogacolombia.com\/breathe\/wp-content\/uploads\/sites\/7\/2022\/02\/Guru.png","datePublished":"2022-02-24T20:55:50+00:00","dateModified":"2022-02-24T21:23:44+00:00","breadcrumb":{"@id":"https:\/\/happyyogacolombia.com\/breathe\/guru-ram-das\/#breadcrumb"},"inLanguage":"es","potentialAction":[{"@type":"ReadAction","target":["https:\/\/happyyogacolombia.com\/breathe\/guru-ram-das\/"]}]},{"@type":"ImageObject","inLanguage":"es","@id":"https:\/\/happyyogacolombia.com\/breathe\/guru-ram-das\/#primaryimage","url":"https:\/\/happyyogacolombia.com\/breathe\/wp-content\/uploads\/sites\/7\/2022\/02\/Guru.png","contentUrl":"https:\/\/happyyogacolombia.com\/breathe\/wp-content\/uploads\/sites\/7\/2022\/02\/Guru.png","width":1640,"height":450},{"@type":"BreadcrumbList","@id":"https:\/\/happyyogacolombia.com\/breathe\/guru-ram-das\/#breadcrumb","itemListElement":[{"@type":"ListItem","position":1,"name":"Portada","item":"https:\/\/happyyogacolombia.com\/breathe\/"},{"@type":"ListItem","position":2,"name":"Gur\u00fa Ram Das"}]},{"@type":"WebSite","@id":"https:\/\/happyyogacolombia.com\/breathe\/#website","url":"https:\/\/happyyogacolombia.com\/breathe\/","name":"HappyYoga Breathe","description":"Otro sitio m\u00e1s de Happyyoga sitios","potentialAction":[{"@type":"SearchAction","target":{"@type":"EntryPoint","urlTemplate":"https:\/\/happyyogacolombia.com\/breathe\/?s={search_term_string}"},"query-input":"required name=search_term_string"}],"inLanguage":"es"}]}},"uagb_featured_image_src":{"full":["https:\/\/happyyogacolombia.com\/breathe\/wp-content\/uploads\/sites\/7\/2022\/02\/Guru.png",1640,450,false],"thumbnail":["https:\/\/happyyogacolombia.com\/breathe\/wp-content\/uploads\/sites\/7\/2022\/02\/Guru-150x150.png",150,150,true],"medium":["https:\/\/happyyogacolombia.com\/breathe\/wp-content\/uploads\/sites\/7\/2022\/02\/Guru-300x82.png",300,82,true],"medium_large":["https:\/\/happyyogacolombia.com\/breathe\/wp-content\/uploads\/sites\/7\/2022\/02\/Guru-768x211.png",768,211,true],"large":["https:\/\/happyyogacolombia.com\/breathe\/wp-content\/uploads\/sites\/7\/2022\/02\/Guru-1024x281.png",1024,281,true],"1536x1536":["https:\/\/happyyogacolombia.com\/breathe\/wp-content\/uploads\/sites\/7\/2022\/02\/Guru-1536x421.png",1536,421,true],"2048x2048":["https:\/\/happyyogacolombia.com\/breathe\/wp-content\/uploads\/sites\/7\/2022\/02\/Guru.png",1640,450,false],"eventos":["https:\/\/happyyogacolombia.com\/breathe\/wp-content\/uploads\/sites\/7\/2022\/02\/Guru-320x170.png",320,170,true],"blog":["https:\/\/happyyogacolombia.com\/breathe\/wp-content\/uploads\/sites\/7\/2022\/02\/Guru-329x185.png",329,185,true],"hd":["https:\/\/happyyogacolombia.com\/breathe\/wp-content\/uploads\/sites\/7\/2022\/02\/Guru.png",1640,450,false],"cursos":["https:\/\/happyyogacolombia.com\/breathe\/wp-content\/uploads\/sites\/7\/2022\/02\/Guru-500x281.png",500,281,true],"menu-24x24":["https:\/\/happyyogacolombia.com\/breathe\/wp-content\/uploads\/sites\/7\/2022\/02\/Guru-24x7.png",24,7,true],"menu-36x36":["https:\/\/happyyogacolombia.com\/breathe\/wp-content\/uploads\/sites\/7\/2022\/02\/Guru-36x10.png",36,10,true],"menu-48x48":["https:\/\/happyyogacolombia.com\/breathe\/wp-content\/uploads\/sites\/7\/2022\/02\/Guru-48x13.png",48,13,true]},"uagb_author_info":{"display_name":"davidfelipe9","author_link":"https:\/\/happyyogacolombia.com\/breathe\/author\/davidfelipe9\/"},"uagb_comment_info":0,"uagb_excerpt":"Gur\u00fa Ram Das (1534-1581) Gur\u00fa Ram Das es el cuarto Gur\u00fa Sikh. Naci\u00f3 en Lahore, Pakist\u00e1n. Su nombre era Jetha, el primog\u00e9nito. El nombre de su padre era Hardas Ji Sodhi y su madre era Mata Daya Ji. Se cas\u00f3 con la hija de Gur\u00fa Amar Das, Bibi Bhani Ji. Al igual que los anteriores&hellip;","_links":{"self":[{"href":"https:\/\/happyyogacolombia.com\/breathe\/wp-json\/wp\/v2\/pages\/425","targetHints":{"allow":["GET"]}}],"collection":[{"href":"https:\/\/happyyogacolombia.com\/breathe\/wp-json\/wp\/v2\/pages"}],"about":[{"href":"https:\/\/happyyogacolombia.com\/breathe\/wp-json\/wp\/v2\/types\/page"}],"author":[{"embeddable":true,"href":"https:\/\/happyyogacolombia.com\/breathe\/wp-json\/wp\/v2\/users\/1"}],"replies":[{"embeddable":true,"href":"https:\/\/happyyogacolombia.com\/breathe\/wp-json\/wp\/v2\/comments?post=425"}],"version-history":[{"count":5,"href":"https:\/\/happyyogacolombia.com\/breathe\/wp-json\/wp\/v2\/pages\/425\/revisions"}],"predecessor-version":[{"id":431,"href":"https:\/\/happyyogacolombia.com\/breathe\/wp-json\/wp\/v2\/pages\/425\/revisions\/431"}],"wp:featuredmedia":[{"embeddable":true,"href":"https:\/\/happyyogacolombia.com\/breathe\/wp-json\/wp\/v2\/media\/432"}],"wp:attachment":[{"href":"https:\/\/happyyogacolombia.com\/breathe\/wp-json\/wp\/v2\/media?parent=425"}],"curies":[{"name":"wp","href":"https:\/\/api.w.org\/{rel}","templated":true}]}}