{"id":157,"date":"2021-12-14T14:16:44","date_gmt":"2021-12-14T14:16:44","guid":{"rendered":"https:\/\/happyyogacolombia.com\/breathe\/?page_id=157"},"modified":"2022-02-01T11:31:08","modified_gmt":"2022-02-01T11:31:08","slug":"conocenos-2","status":"publish","type":"page","link":"https:\/\/happyyogacolombia.com\/breathe\/conocenos-2\/","title":{"rendered":"Con\u00f3cenos"},"content":{"rendered":"\n<div class=\"wp-block-group\"><div class=\"wp-block-group__inner-container is-layout-flow wp-block-group-is-layout-flow\">\n<p class=\"has-text-align-center playfair has-large-font-size\"><em>Nuestra sede de Happy Yoga Breathe <\/em><\/p>\n\n\n\n<p>Est\u00e1 abierta desde Julio 2021 para ti.<\/p>\n\n\n\n<p>Para que hagas de tu casa, tu propia escuela de yoga, para que crees tu propio altar, para que reconozcas que el sonido de la respiraci\u00f3n es la voz de tu alma o simplemente para Respirar\u2026.<\/p>\n\n\n\n<p>La magia de la pr\u00e1ctica de yoga es tan fuerte que puedes crear tu propio ambiente donde sea. Aunque indiscutiblemente s\u00e9 que presencial es hermosa, he descubierto que la virtualidad ha hecho que los alumnos encuentren en su propio hogar ese sitio de paz y armon\u00eda. Ese sitio especial que han armado con la constancia en su propia pr\u00e1ctica personal, la conciencia corporal y en el amor que le han puesto a nuestra propuesta de llevar su propio altar a donde vayamos, entendiendo que es ah\u00ed donde moramos con nuestra alma en un santuario iluminado por la luz perpetuamente encendida del amor.<\/p>\n\n\n\n<p>Conect\u00e1ndote desde cualquier parte, en el mejor lugar y horario para ti, podr\u00e1s encontrar clases de yoga b\u00e1sico, yoga para adultos, yoga restaurativo, yoga inbound, hatha yoga, taiji-qi gong, yoga kundalini, meditaci\u00f3n kundalini.<\/p>\n\n\n\n<p>Talleres de yoga facial, yoga ocular, yoga para retrasar o revertir procesos de envejecimiento, yoga para la mujer y menopausia, talleres y retos mensuales<\/p>\n\n\n\n<p>Ana Milena<\/p>\n<\/div><\/div>\n","protected":false},"excerpt":{"rendered":"<p>Nuestra sede de Happy Yoga Breathe Est\u00e1 abierta desde Julio 2021 para ti. Para que hagas de tu casa, tu propia escuela de yoga, para que crees tu propio altar, para que reconozcas que el sonido de la respiraci\u00f3n es la voz de tu alma o simplemente para Respirar\u2026. La magia de la pr\u00e1ctica de [&hellip;]<\/p>\n","protected":false},"author":1,"featured_media":32,"parent":0,"menu_order":0,"comment_status":"closed","ping_status":"closed","template":"","meta":{"_uag_custom_page_level_css":"","pgc_sgb_lightbox_settings":"","footnotes":""},"class_list":["post-157","page","type-page","status-publish","has-post-thumbnail","hentry"],"yoast_head":"<!-- This site is optimized with the Yoast SEO plugin v22.3 - https:\/\/yoast.com\/wordpress\/plugins\/seo\/ -->\n<title>Con\u00f3cenos - HappyYoga Breathe<\/title>\n<meta name=\"robots\" content=\"index, follow, max-snippet:-1, max-image-preview:large, max-video-preview:-1\" \/>\n<link rel=\"canonical\" href=\"https:\/\/happyyogacolombia.com\/breathe\/conocenos-2\/\" \/>\n<meta property=\"og:locale\" content=\"es_ES\" \/>\n<meta property=\"og:type\" content=\"article\" \/>\n<meta property=\"og:title\" content=\"Con\u00f3cenos - HappyYoga Breathe\" \/>\n<meta property=\"og:description\" content=\"Nuestra sede de Happy Yoga Breathe Est\u00e1 abierta desde Julio 2021 para ti. Para que hagas de tu casa, tu propia escuela de yoga, para que crees tu propio altar, para que reconozcas que el sonido de la respiraci\u00f3n es la voz de tu alma o simplemente para Respirar\u2026. La magia de la pr\u00e1ctica de [&hellip;]\" \/>\n<meta property=\"og:url\" content=\"https:\/\/happyyogacolombia.com\/breathe\/conocenos-2\/\" \/>\n<meta property=\"og:site_name\" content=\"HappyYoga Breathe\" \/>\n<meta property=\"article:modified_time\" content=\"2022-02-01T11:31:08+00:00\" \/>\n<meta property=\"og:image\" content=\"https:\/\/happyyogacolombia.com\/breathe\/wp-content\/uploads\/sites\/7\/2021\/11\/yoga-para-la-menopausia-happyyoga-breathe.jpg\" \/>\n\t<meta property=\"og:image:width\" content=\"1920\" \/>\n\t<meta property=\"og:image:height\" content=\"1080\" \/>\n\t<meta property=\"og:image:type\" content=\"image\/jpeg\" \/>\n<meta name=\"twitter:card\" content=\"summary_large_image\" \/>\n<meta name=\"twitter:label1\" content=\"Tiempo de lectura\" \/>\n\t<meta name=\"twitter:data1\" content=\"1 minuto\" \/>\n<script type=\"application\/ld+json\" class=\"yoast-schema-graph\">{\"@context\":\"https:\/\/schema.org\",\"@graph\":[{\"@type\":\"WebPage\",\"@id\":\"https:\/\/happyyogacolombia.com\/breathe\/conocenos-2\/\",\"url\":\"https:\/\/happyyogacolombia.com\/breathe\/conocenos-2\/\",\"name\":\"Con\u00f3cenos - HappyYoga Breathe\",\"isPartOf\":{\"@id\":\"https:\/\/happyyogacolombia.com\/breathe\/#website\"},\"primaryImageOfPage\":{\"@id\":\"https:\/\/happyyogacolombia.com\/breathe\/conocenos-2\/#primaryimage\"},\"image\":{\"@id\":\"https:\/\/happyyogacolombia.com\/breathe\/conocenos-2\/#primaryimage\"},\"thumbnailUrl\":\"https:\/\/happyyogacolombia.com\/breathe\/wp-content\/uploads\/sites\/7\/2021\/11\/yoga-para-la-menopausia-happyyoga-breathe.jpg\",\"datePublished\":\"2021-12-14T14:16:44+00:00\",\"dateModified\":\"2022-02-01T11:31:08+00:00\",\"breadcrumb\":{\"@id\":\"https:\/\/happyyogacolombia.com\/breathe\/conocenos-2\/#breadcrumb\"},\"inLanguage\":\"es\",\"potentialAction\":[{\"@type\":\"ReadAction\",\"target\":[\"https:\/\/happyyogacolombia.com\/breathe\/conocenos-2\/\"]}]},{\"@type\":\"ImageObject\",\"inLanguage\":\"es\",\"@id\":\"https:\/\/happyyogacolombia.com\/breathe\/conocenos-2\/#primaryimage\",\"url\":\"https:\/\/happyyogacolombia.com\/breathe\/wp-content\/uploads\/sites\/7\/2021\/11\/yoga-para-la-menopausia-happyyoga-breathe.jpg\",\"contentUrl\":\"https:\/\/happyyogacolombia.com\/breathe\/wp-content\/uploads\/sites\/7\/2021\/11\/yoga-para-la-menopausia-happyyoga-breathe.jpg\",\"width\":1920,\"height\":1080},{\"@type\":\"BreadcrumbList\",\"@id\":\"https:\/\/happyyogacolombia.com\/breathe\/conocenos-2\/#breadcrumb\",\"itemListElement\":[{\"@type\":\"ListItem\",\"position\":1,\"name\":\"Portada\",\"item\":\"https:\/\/happyyogacolombia.com\/breathe\/\"},{\"@type\":\"ListItem\",\"position\":2,\"name\":\"Con\u00f3cenos\"}]},{\"@type\":\"WebSite\",\"@id\":\"https:\/\/happyyogacolombia.com\/breathe\/#website\",\"url\":\"https:\/\/happyyogacolombia.com\/breathe\/\",\"name\":\"HappyYoga Breathe\",\"description\":\"Otro sitio m\u00e1s de Happyyoga sitios\",\"potentialAction\":[{\"@type\":\"SearchAction\",\"target\":{\"@type\":\"EntryPoint\",\"urlTemplate\":\"https:\/\/happyyogacolombia.com\/breathe\/?s={search_term_string}\"},\"query-input\":\"required name=search_term_string\"}],\"inLanguage\":\"es\"}]}<\/script>\n<!-- \/ Yoast SEO plugin. -->","yoast_head_json":{"title":"Con\u00f3cenos - HappyYoga Breathe","robots":{"index":"index","follow":"follow","max-snippet":"max-snippet:-1","max-image-preview":"max-image-preview:large","max-video-preview":"max-video-preview:-1"},"canonical":"https:\/\/happyyogacolombia.com\/breathe\/conocenos-2\/","og_locale":"es_ES","og_type":"article","og_title":"Con\u00f3cenos - HappyYoga Breathe","og_description":"Nuestra sede de Happy Yoga Breathe Est\u00e1 abierta desde Julio 2021 para ti. Para que hagas de tu casa, tu propia escuela de yoga, para que crees tu propio altar, para que reconozcas que el sonido de la respiraci\u00f3n es la voz de tu alma o simplemente para Respirar\u2026. La magia de la pr\u00e1ctica de [&hellip;]","og_url":"https:\/\/happyyogacolombia.com\/breathe\/conocenos-2\/","og_site_name":"HappyYoga Breathe","article_modified_time":"2022-02-01T11:31:08+00:00","og_image":[{"width":1920,"height":1080,"url":"https:\/\/happyyogacolombia.com\/breathe\/wp-content\/uploads\/sites\/7\/2021\/11\/yoga-para-la-menopausia-happyyoga-breathe.jpg","type":"image\/jpeg"}],"twitter_card":"summary_large_image","twitter_misc":{"Tiempo de lectura":"1 minuto"},"schema":{"@context":"https:\/\/schema.org","@graph":[{"@type":"WebPage","@id":"https:\/\/happyyogacolombia.com\/breathe\/conocenos-2\/","url":"https:\/\/happyyogacolombia.com\/breathe\/conocenos-2\/","name":"Con\u00f3cenos - HappyYoga Breathe","isPartOf":{"@id":"https:\/\/happyyogacolombia.com\/breathe\/#website"},"primaryImageOfPage":{"@id":"https:\/\/happyyogacolombia.com\/breathe\/conocenos-2\/#primaryimage"},"image":{"@id":"https:\/\/happyyogacolombia.com\/breathe\/conocenos-2\/#primaryimage"},"thumbnailUrl":"https:\/\/happyyogacolombia.com\/breathe\/wp-content\/uploads\/sites\/7\/2021\/11\/yoga-para-la-menopausia-happyyoga-breathe.jpg","datePublished":"2021-12-14T14:16:44+00:00","dateModified":"2022-02-01T11:31:08+00:00","breadcrumb":{"@id":"https:\/\/happyyogacolombia.com\/breathe\/conocenos-2\/#breadcrumb"},"inLanguage":"es","potentialAction":[{"@type":"ReadAction","target":["https:\/\/happyyogacolombia.com\/breathe\/conocenos-2\/"]}]},{"@type":"ImageObject","inLanguage":"es","@id":"https:\/\/happyyogacolombia.com\/breathe\/conocenos-2\/#primaryimage","url":"https:\/\/happyyogacolombia.com\/breathe\/wp-content\/uploads\/sites\/7\/2021\/11\/yoga-para-la-menopausia-happyyoga-breathe.jpg","contentUrl":"https:\/\/happyyogacolombia.com\/breathe\/wp-content\/uploads\/sites\/7\/2021\/11\/yoga-para-la-menopausia-happyyoga-breathe.jpg","width":1920,"height":1080},{"@type":"BreadcrumbList","@id":"https:\/\/happyyogacolombia.com\/breathe\/conocenos-2\/#breadcrumb","itemListElement":[{"@type":"ListItem","position":1,"name":"Portada","item":"https:\/\/happyyogacolombia.com\/breathe\/"},{"@type":"ListItem","position":2,"name":"Con\u00f3cenos"}]},{"@type":"WebSite","@id":"https:\/\/happyyogacolombia.com\/breathe\/#website","url":"https:\/\/happyyogacolombia.com\/breathe\/","name":"HappyYoga Breathe","description":"Otro sitio m\u00e1s de Happyyoga sitios","potentialAction":[{"@type":"SearchAction","target":{"@type":"EntryPoint","urlTemplate":"https:\/\/happyyogacolombia.com\/breathe\/?s={search_term_string}"},"query-input":"required name=search_term_string"}],"inLanguage":"es"}]}},"uagb_featured_image_src":{"full":["https:\/\/happyyogacolombia.com\/breathe\/wp-content\/uploads\/sites\/7\/2021\/11\/yoga-para-la-menopausia-happyyoga-breathe.jpg",1920,1080,false],"thumbnail":["https:\/\/happyyogacolombia.com\/breathe\/wp-content\/uploads\/sites\/7\/2021\/11\/yoga-para-la-menopausia-happyyoga-breathe-150x150.jpg",150,150,true],"medium":["https:\/\/happyyogacolombia.com\/breathe\/wp-content\/uploads\/sites\/7\/2021\/11\/yoga-para-la-menopausia-happyyoga-breathe-300x169.jpg",300,169,true],"medium_large":["https:\/\/happyyogacolombia.com\/breathe\/wp-content\/uploads\/sites\/7\/2021\/11\/yoga-para-la-menopausia-happyyoga-breathe-768x432.jpg",768,432,true],"large":["https:\/\/happyyogacolombia.com\/breathe\/wp-content\/uploads\/sites\/7\/2021\/11\/yoga-para-la-menopausia-happyyoga-breathe-1024x576.jpg",1024,576,true],"1536x1536":["https:\/\/happyyogacolombia.com\/breathe\/wp-content\/uploads\/sites\/7\/2021\/11\/yoga-para-la-menopausia-happyyoga-breathe-1536x864.jpg",1536,864,true],"2048x2048":["https:\/\/happyyogacolombia.com\/breathe\/wp-content\/uploads\/sites\/7\/2021\/11\/yoga-para-la-menopausia-happyyoga-breathe.jpg",1920,1080,false],"eventos":["https:\/\/happyyogacolombia.com\/breathe\/wp-content\/uploads\/sites\/7\/2021\/11\/yoga-para-la-menopausia-happyyoga-breathe-320x170.jpg",320,170,true],"blog":["https:\/\/happyyogacolombia.com\/breathe\/wp-content\/uploads\/sites\/7\/2021\/11\/yoga-para-la-menopausia-happyyoga-breathe-329x185.jpg",329,185,true],"hd":["https:\/\/happyyogacolombia.com\/breathe\/wp-content\/uploads\/sites\/7\/2021\/11\/yoga-para-la-menopausia-happyyoga-breathe-1920x1080.jpg",1920,1080,true],"cursos":["https:\/\/happyyogacolombia.com\/breathe\/wp-content\/uploads\/sites\/7\/2021\/11\/yoga-para-la-menopausia-happyyoga-breathe-500x281.jpg",500,281,true],"menu-24x24":["https:\/\/happyyogacolombia.com\/breathe\/wp-content\/uploads\/sites\/7\/2021\/11\/yoga-para-la-menopausia-happyyoga-breathe-24x14.jpg",24,14,true],"menu-36x36":["https:\/\/happyyogacolombia.com\/breathe\/wp-content\/uploads\/sites\/7\/2021\/11\/yoga-para-la-menopausia-happyyoga-breathe-36x20.jpg",36,20,true],"menu-48x48":["https:\/\/happyyogacolombia.com\/breathe\/wp-content\/uploads\/sites\/7\/2021\/11\/yoga-para-la-menopausia-happyyoga-breathe-48x27.jpg",48,27,true]},"uagb_author_info":{"display_name":"davidfelipe9","author_link":"https:\/\/happyyogacolombia.com\/breathe\/author\/davidfelipe9\/"},"uagb_comment_info":0,"uagb_excerpt":"Nuestra sede de Happy Yoga Breathe Est\u00e1 abierta desde Julio 2021 para ti. Para que hagas de tu casa, tu propia escuela de yoga, para que crees tu propio altar, para que reconozcas que el sonido de la respiraci\u00f3n es la voz de tu alma o simplemente para Respirar\u2026. La magia de la pr\u00e1ctica de&hellip;","_links":{"self":[{"href":"https:\/\/happyyogacolombia.com\/breathe\/wp-json\/wp\/v2\/pages\/157","targetHints":{"allow":["GET"]}}],"collection":[{"href":"https:\/\/happyyogacolombia.com\/breathe\/wp-json\/wp\/v2\/pages"}],"about":[{"href":"https:\/\/happyyogacolombia.com\/breathe\/wp-json\/wp\/v2\/types\/page"}],"author":[{"embeddable":true,"href":"https:\/\/happyyogacolombia.com\/breathe\/wp-json\/wp\/v2\/users\/1"}],"replies":[{"embeddable":true,"href":"https:\/\/happyyogacolombia.com\/breathe\/wp-json\/wp\/v2\/comments?post=157"}],"version-history":[{"count":5,"href":"https:\/\/happyyogacolombia.com\/breathe\/wp-json\/wp\/v2\/pages\/157\/revisions"}],"predecessor-version":[{"id":285,"href":"https:\/\/happyyogacolombia.com\/breathe\/wp-json\/wp\/v2\/pages\/157\/revisions\/285"}],"wp:featuredmedia":[{"embeddable":true,"href":"https:\/\/happyyogacolombia.com\/breathe\/wp-json\/wp\/v2\/media\/32"}],"wp:attachment":[{"href":"https:\/\/happyyogacolombia.com\/breathe\/wp-json\/wp\/v2\/media?parent=157"}],"curies":[{"name":"wp","href":"https:\/\/api.w.org\/{rel}","templated":true}]}}